{"id":1118,"date":"2016-06-23T13:29:32","date_gmt":"2016-06-23T13:29:32","guid":{"rendered":"http:\/\/medigroup.mikado-themes.com\/?page_id=1118"},"modified":"2020-12-30T13:27:38","modified_gmt":"2020-12-30T13:27:38","slug":"contact-page","status":"publish","type":"page","link":"https:\/\/hiedl.dropit.fm\/index.php\/contact-page\/","title":{"rendered":"Contact Page"},"content":{"rendered":"<p>[vc_row][vc_column]<div class=\"mkd-google-map-holder\">\n\t<div class=\"mkd-google-map\" id=\"mkd-map-799327\" data-addresses='[\"Klostergasse 17a\"]' data-custom-map-style=true data-color-overlay=#393939 data-saturation=-100 data-lightness=0 data-zoom=15 data-pin=https:\/\/hiedl.dropit.fm\/wp-content\/uploads\/2016\/06\/map-pin-1.png data-unique-id=799327 data-scroll-wheel=true data-height=330px><\/div>\n\t<\/div>\n[\/vc_column][\/vc_row][vc_row content_width=&#8220;grid&#8220; css=&#8220;.vc_custom_1467902501716{padding-top: 91px !important;padding-bottom: 101px !important;}&#8220;][vc_column offset=&#8220;vc_col-lg-6&#8243;]<div class=\"mkd-booking-form mkd-bf-layout-vertical light \" data-depts-doctors=\"{&quot;Akustik Meister&quot;:[&quot;Beate Hiedl&quot;,&quot;Norbert Hiedl&quot;],&quot;EDV Techniker&quot;:[&quot;Marc Hiedl&quot;]}\">\n\n\t\n\t<div class=\"mkd-booking-form-inner \">\n\n\t\t\t\t<div class=\"mkd-bf-motto\"><h4>Wir sind f\u00fcr Sie da.<\/h4><\/div>\n\t\t\n\t\t\t\t<div class=\"mkd-bf-title\"><h2>Termin Anfragen<\/h2><\/div>\n\t\t\n\t\t<div class=\"mkd-bf-form-fields mkd-bf-columns-2\">\n\t\t\t<form method=\"POST\">\n\n\t\t\t\t<div class=\"mkd-bf-form-item mkd-bf-narrow\">\n\t\t\t\t\t<select class=\"mkd-bf-select-field mkd-bf-select-department\" name=\"mkd-booking-department\">\n\t\t\t\t\t\t<option value=\"\">Bereich w\u00e4hlen<\/option>\n\t\t\t\t\t\t\t\t\t\t\t\t<option value=\"Akustik Meister\">Akustik Meister<\/option>\n\t\t\t\t\t\t\t\t\t\t\t\t<option value=\"EDV Techniker\">EDV Techniker<\/option>\n\t\t\t\t\t\t\t\t\t\t\t<\/select>\n\t\t\t\t<\/div>\n\n\t\t\t\t<div class=\"mkd-bf-form-item mkd-bf-narrow\">\n\t\t\t\t\t<select class=\"mkd-bf-select-field mkd-bf-select-doctor\" name=\"mkd-booking-doctor\">\n\t\t\t\t\t\t<option value=\"\">Person w\u00e4hlen<\/option>\n\t\t\t\t\t<\/select>\n\t\t\t\t<\/div>\n\n                <div class=\"mkd-bf-form-item mkd-bf-name mkd-bf-narrow\">\n                    <input type=\"text\" class=\"mkd-bf-input-name\" name=\"mkd-booking-name\" placeholder=\"Vor- Nachname\">\n                <\/div>\n\n                <div class=\"mkd-bf-form-item mkd-bf-contact mkd-bf-narrow\">\n                    <input type=\"text\" class=\"mkd-bf-input-contact\" name=\"mkd-booking-contact\" placeholder=\"Telefonnummer\">\n                <\/div>\n\n\t\t\t\t<div class=\"mkd-bf-form-item mkd-date mkd-bf-narrow\">\n\t\t\t\t\t<input type=\"text\" class=\"mkd-bf-input-date\" name=\"mkd-booking-date\" placeholder=\"Datum\">\n\t\t\t\t\t<div class=\"mkd-bf-field-icon-holder\"><\/div>\n\t\t\t\t<\/div>\n\n\t\t\t\t<div class=\"mkd-bf-form-item mkd-time mkd-bf-narrow\">\n\t\t\t\t\t<input type=\"text\" class=\"mkd-bf-input-time\" name=\"mkd-booking-time\" placeholder=\"Zeit\">\n\t\t\t\t\t<div class=\"mkd-bf-field-icon-holder\"><\/div>\n\t\t\t\t<\/div>\n\n\t\t\t\t\t\t\t\t<div class=\"mkd-bf-form-item mkd-bf-wide\">\n\t\t\t\t\t<textarea class=\"mkd-bf-input-request\" name=\"mkd-booking-request\" placeholder=\"Ihr Anliegen...\"><\/textarea>\n\t\t\t\t<\/div>\n\t\t\t\t\n\t\t\t\t<span class=\"nonce\"><input type=\"hidden\" id=\"mkd_nonce_booking_form_1150732464\" name=\"mkd_nonce_booking_form_1150732464\" value=\"b471cb6dfa\" \/><input type=\"hidden\" name=\"_wp_http_referer\" value=\"\/index.php\/wp-json\/wp\/v2\/pages\/1118\" \/><\/span>\n\t\t\t\t<script type=\"application\/javascript\">if (typeof MikadoAjaxUrl === \"undefined\") {var MikadoAjaxUrl = \"https:\/\/hiedl.dropit.fm\/wp-admin\/admin-ajax.php\"; }<\/script>\n\t\t\t\t\t\t\t\t<div class=\"mkd-bf-form-response-holder\"><\/div>\n\t\t\t\t\n\t\t\t\t<div class=\"mkd-bf-form-button\">\n\t\t\t\t\t<input type=\"submit\" name=\"mkd-booking-submit\" value=\"Termin erfragen\"  class=\"mkd-btn mkd-btn-small mkd-btn-solid mkd-btn-hover-outline\"  data-sending-label=\"Sending...\" \/>\t\t\t\t<\/div>\n\n\t\t\t\t\n\t\t\t<\/form>\n\t\t<\/div>\n\n\t<\/div>\n<\/div>[vc_empty_space height=&#8220;60px&#8220;][\/vc_column][vc_column offset=&#8220;vc_col-lg-6&#8243;][vc_column_text]<\/p>\n<h3>Kontakt<\/h3>\n<p>[\/vc_column_text][vc_empty_space height=&#8220;10px&#8220;][vc_column_text]Sie haben Fragen an das H\u00f6rstudio Hiedl in M\u00f6dling? Wir sind ganz Ohr und freuen uns \u00fcber Ihre Nachricht: F\u00fcllen Sie das nachfolgende Formular aus und senden Sie es an uns. Wir melden uns so rasch wie m\u00f6glich bei Ihnen.[\/vc_column_text][vc_row_inner css=&#8220;.vc_custom_1467902377204{padding-top: 30px !important;padding-bottom: 45px !important;}&#8220;][vc_column_inner width=&#8220;1\/2&#8243;]<div class=\"mkd-iwt clearfix mkd-iwt-icon-left mkd-iwt-icon-tiny\" >\n\t<div class=\"mkd-iwt-icon-holder\">\n\t\t\t\t\t\n\t<span class=\"mkd-icon-shortcode normal\"  data-color=\"#8bc0df\">\n        \n\t\t\t<i class=\"mkd-icon-linear-icon lnr lnr-smartphone mkd-icon-element\" style=\"color: #8bc0df;font-size:34px;margin:13px 0 0\" ><\/i>\n\t\t\t    <\/span>\n\n\t\t\t\t<\/div>\n\t<div class=\"mkd-iwt-content-holder\" >\n\t\t<div class=\"mkd-iwt-title-holder\">\n\t\t\t<h6 style=\"font-weight: 600;margin-bottom: 0px\">+43223624341<\/h6>\n\t<\/div>\n\t<div class=\"mkd-iwt-text-holder\">\n\t\t<p >info@hoerstudio-hiedl.at<\/p>\n\n\t\t\t<\/div>\n<\/div>\n<\/div>[\/vc_column_inner][vc_column_inner width=&#8220;1\/2&#8243;]<div class=\"mkd-iwt clearfix mkd-iwt-icon-left mkd-iwt-icon-tiny\" >\n\t<div class=\"mkd-iwt-icon-holder\">\n\t\t\t\t\t\n\t<span class=\"mkd-icon-shortcode normal\"  data-color=\"#8bc0df\">\n        \n\t\t\t<i class=\"mkd-icon-linear-icon lnr lnr-map-marker mkd-icon-element\" style=\"color: #8bc0df;font-size:34px;margin:13px 0 0 0\" ><\/i>\n\t\t\t    <\/span>\n\n\t\t\t\t<\/div>\n\t<div class=\"mkd-iwt-content-holder\" >\n\t\t<div class=\"mkd-iwt-title-holder\">\n\t\t\t<h6 style=\"font-weight: 600;margin-bottom: 0px\">Klostergasse 17a<\/h6>\n\t<\/div>\n\t<div class=\"mkd-iwt-text-holder\">\n\t\t<p >A-2340 M\u00f6dling<\/p>\n\n\t\t\t<\/div>\n<\/div>\n<\/div>[\/vc_column_inner][\/vc_row_inner]<div class=\"mkd-google-map-holder\">\n\t<div class=\"mkd-google-map\" id=\"mkd-map-2266941\" data-addresses='[\"Klostergasse 19-17, 2340 M\u00f6dling\"]' data-custom-map-style=false data-color-overlay=#393939 data-saturation=-100 data-lightness=-60 data-zoom=12 data-pin=https:\/\/hiedl.dropit.fm\/wp-content\/uploads\/2016\/06\/map-pin-1.png data-unique-id=2266941 data-scroll-wheel=true data-height=325px><\/div>\n\t<\/div>\n[\/vc_column][\/vc_row]<\/p>\n","protected":false},"excerpt":{"rendered":"<p>[vc_row][vc_column][\/vc_column][\/vc_row][vc_row content_width=&#8220;grid&#8220; css=&#8220;.vc_custom_1467902501716{padding-top: 91px !important;padding-bottom: 101px !important;}&#8220;][vc_column offset=&#8220;vc_col-lg-6&#8243;][vc_empty_space height=&#8220;60px&#8220;][\/vc_column][vc_column offset=&#8220;vc_col-lg-6&#8243;][vc_column_text] Kontakt [\/vc_column_text][vc_empty_space height=&#8220;10px&#8220;][vc_column_text]Sie haben Fragen an das H\u00f6rstudio Hiedl in M\u00f6dling? Wir sind ganz Ohr und freuen uns \u00fcber Ihre Nachricht: F\u00fcllen Sie das nachfolgende Formular aus und senden Sie es an uns. Wir melden&#8230;<\/p>\n","protected":false},"author":1,"featured_media":4041,"parent":0,"menu_order":0,"comment_status":"closed","ping_status":"closed","template":"full-width.php","meta":[],"_links":{"self":[{"href":"https:\/\/hiedl.dropit.fm\/index.php\/wp-json\/wp\/v2\/pages\/1118"}],"collection":[{"href":"https:\/\/hiedl.dropit.fm\/index.php\/wp-json\/wp\/v2\/pages"}],"about":[{"href":"https:\/\/hiedl.dropit.fm\/index.php\/wp-json\/wp\/v2\/types\/page"}],"author":[{"embeddable":true,"href":"https:\/\/hiedl.dropit.fm\/index.php\/wp-json\/wp\/v2\/users\/1"}],"replies":[{"embeddable":true,"href":"https:\/\/hiedl.dropit.fm\/index.php\/wp-json\/wp\/v2\/comments?post=1118"}],"version-history":[{"count":26,"href":"https:\/\/hiedl.dropit.fm\/index.php\/wp-json\/wp\/v2\/pages\/1118\/revisions"}],"predecessor-version":[{"id":4084,"href":"https:\/\/hiedl.dropit.fm\/index.php\/wp-json\/wp\/v2\/pages\/1118\/revisions\/4084"}],"wp:featuredmedia":[{"embeddable":true,"href":"https:\/\/hiedl.dropit.fm\/index.php\/wp-json\/wp\/v2\/media\/4041"}],"wp:attachment":[{"href":"https:\/\/hiedl.dropit.fm\/index.php\/wp-json\/wp\/v2\/media?parent=1118"}],"curies":[{"name":"wp","href":"https:\/\/api.w.org\/{rel}","templated":true}]}}