{"id":4103,"date":"2020-10-20T07:53:17","date_gmt":"2020-10-20T07:53:17","guid":{"rendered":"https:\/\/hiedl.dropit.fm\/?page_id=4103"},"modified":"2020-11-12T13:33:53","modified_gmt":"2020-11-12T13:33:53","slug":"hoersysteme","status":"publish","type":"page","link":"https:\/\/hiedl.dropit.fm\/index.php\/hoersysteme\/","title":{"rendered":"H\u00f6rsysteme"},"content":{"rendered":"<p>[vc_row content_width=&#8220;grid&#8220; css=&#8220;.vc_custom_1603181862883{padding-top: 105px !important;background-color: #ffffff !important;}&#8220;][vc_column]<div class=\"mkd-section-title-holder\">\n\t<h2 class=\"mkd-section-title\" style=\"text-align: center\">\n\tModerne H\u00f6rsysteme haben ihren Preis. Aber vor allem ihren Wert.<\/h2>\n<\/div><div class=\"mkd-section-subtitle-holder mkd-section-subtitle-center\" style=\"width: 80%\">\n\t<p style=\"text-align: center;\" class=\"mkd-section-subtitle\">Je fr\u00fcher, desto besser: Irreversible Sch\u00e4den am Geh\u00f6r nehmen von Tag zu Tag zu und erschweren die Behandlung. Erste Anzeichen einer H\u00f6rminderung sollten daher umgehend medizinisch abgekl\u00e4rt werden. Eine fr\u00fchzeitige Behandlung mit modernen H\u00f6rger\u00e4ten tr\u00e4gt zum Wohlbefinden bei und kann helfen, die Lebensqualit\u00e4t zu steigern.<\/p>\n<\/div>[vc_empty_space height=&#8220;15px&#8220;]<div class=\"mkd-section-subtitle-holder mkd-section-subtitle-center\" style=\"width: 80%\">\n\t<p style=\"text-align: center;\" class=\"mkd-section-subtitle\">Ein geeignetes H\u00f6rger\u00e4t erreicht ein nahezu vollst\u00e4ndiges H\u00f6rverst\u00e4ndnis und erm\u00f6glicht nat\u00fcrliches Sprachverstehen und sogar r\u00e4umliches H\u00f6ren. So k\u00f6nnen Betroffene wieder allt\u00e4gliche Situationen wie fernsehen oder telefonieren meistern und bei Gespr\u00e4chen in lauter Umgebung problemlos zuh\u00f6ren und mitreden.<\/p>\n<\/div>[\/vc_column][\/vc_row][vc_row content_width=&#8220;grid&#8220; css=&#8220;.vc_custom_1603181862883{padding-top: 105px !important;background-color: #ffffff !important;}&#8220;][vc_column width=&#8220;1\/2&#8243;]<div class=\"mkd-section-title-holder\">\n\t<h2 class=\"mkd-section-title\" style=\"text-align: center\">\n\tIm-Ohr-H\u00f6rger\u00e4te (IdO)<\/h2>\n<\/div><div class=\"mkd-section-subtitle-holder mkd-section-subtitle-center\" style=\"width: 80%\">\n\t<p style=\"text-align: center;\" class=\"mkd-section-subtitle\">liegt direkt im Geh\u00f6rgang | sehr diskret | von au\u00dfen kaum sichtbar<\/p>\n<\/div>[vc_empty_space height=&#8220;15px&#8220;]<div class=\"mkd-iwt clearfix mkd-iwt-icon-top mkd-iwt-icon-tiny\" >\n\t<div class=\"mkd-iwt-icon-holder\">\n\t\t\t\t\t<span class=\"mkd-iwt-custom-icon\" ><img width=\"331\" height=\"283\" src=\"https:\/\/hiedl.dropit.fm\/wp-content\/uploads\/2020\/11\/Silk_Nx_Black.jpg\" class=\"attachment-full size-full\" alt=\"\" loading=\"lazy\" srcset=\"https:\/\/hiedl.dropit.fm\/wp-content\/uploads\/2020\/11\/Silk_Nx_Black.jpg 331w, https:\/\/hiedl.dropit.fm\/wp-content\/uploads\/2020\/11\/Silk_Nx_Black-300x256.jpg 300w\" sizes=\"(max-width: 331px) 100vw, 331px\" \/><\/span>\n\t\t\t<\/div>\n\t<div class=\"mkd-iwt-content-holder\" >\n\t\t<div class=\"mkd-iwt-title-holder\">\n\t\t\t<h5 >Silk Nx Black<\/h5>\n\t<\/div>\n\t<div class=\"mkd-iwt-text-holder\">\n\t\t<p ><\/p>\n\n\t\t\t<\/div>\n<\/div>\n<\/div><div class=\"mkd-iwt clearfix mkd-iwt-icon-top mkd-iwt-icon-tiny\" >\n\t<div class=\"mkd-iwt-icon-holder\">\n\t\t\t\t\t<span class=\"mkd-iwt-custom-icon\" ><img width=\"331\" height=\"283\" src=\"https:\/\/hiedl.dropit.fm\/wp-content\/uploads\/2020\/11\/Insio_Itc_Nx.jpg\" class=\"attachment-full size-full\" alt=\"\" loading=\"lazy\" srcset=\"https:\/\/hiedl.dropit.fm\/wp-content\/uploads\/2020\/11\/Insio_Itc_Nx.jpg 331w, https:\/\/hiedl.dropit.fm\/wp-content\/uploads\/2020\/11\/Insio_Itc_Nx-300x256.jpg 300w\" sizes=\"(max-width: 331px) 100vw, 331px\" \/><\/span>\n\t\t\t<\/div>\n\t<div class=\"mkd-iwt-content-holder\" >\n\t\t<div class=\"mkd-iwt-title-holder\">\n\t\t\t<h5 >Insio Itc Nx<\/h5>\n\t<\/div>\n\t<div class=\"mkd-iwt-text-holder\">\n\t\t<p ><\/p>\n\n\t\t\t<\/div>\n<\/div>\n<\/div><div class=\"mkd-iwt clearfix mkd-iwt-icon-top mkd-iwt-icon-tiny\" >\n\t<div class=\"mkd-iwt-icon-holder\">\n\t\t\t\t\t<span class=\"mkd-iwt-custom-icon\" ><img width=\"331\" height=\"283\" src=\"https:\/\/hiedl.dropit.fm\/wp-content\/uploads\/2020\/11\/Packshot_Virto_B_Titanium.jpg\" class=\"attachment-full size-full\" alt=\"\" loading=\"lazy\" srcset=\"https:\/\/hiedl.dropit.fm\/wp-content\/uploads\/2020\/11\/Packshot_Virto_B_Titanium.jpg 331w, https:\/\/hiedl.dropit.fm\/wp-content\/uploads\/2020\/11\/Packshot_Virto_B_Titanium-300x256.jpg 300w\" sizes=\"(max-width: 331px) 100vw, 331px\" \/><\/span>\n\t\t\t<\/div>\n\t<div class=\"mkd-iwt-content-holder\" >\n\t\t<div class=\"mkd-iwt-title-holder\">\n\t\t\t<h5 >Packshot Virto B Titanium<\/h5>\n\t<\/div>\n\t<div class=\"mkd-iwt-text-holder\">\n\t\t<p ><\/p>\n\n\t\t\t<\/div>\n<\/div>\n<\/div>[\/vc_column][vc_column width=&#8220;1\/2&#8243;]<div class=\"mkd-section-title-holder\">\n\t<h2 class=\"mkd-section-title\" style=\"text-align: center\">\n\tHinter-dem-Ohr-H\u00f6rger\u00e4te (HdO)<\/h2>\n<\/div><div class=\"mkd-section-subtitle-holder mkd-section-subtitle-center\" style=\"width: 80%\">\n\t<p style=\"text-align: center;\" class=\"mkd-section-subtitle\">einfache Handhabung | robust und hat langlebige Batterien | hoher Tragekomfort<\/p>\n<\/div>[vc_empty_space height=&#8220;15px&#8220;]<div class=\"mkd-iwt clearfix mkd-iwt-icon-top mkd-iwt-icon-tiny\" >\n\t<div class=\"mkd-iwt-icon-holder\">\n\t\t\t\t\t<span class=\"mkd-iwt-custom-icon\" ><img width=\"331\" height=\"283\" src=\"https:\/\/hiedl.dropit.fm\/wp-content\/uploads\/2020\/11\/ACE-Micon-Pearl.jpg\" class=\"attachment-full size-full\" alt=\"\" loading=\"lazy\" srcset=\"https:\/\/hiedl.dropit.fm\/wp-content\/uploads\/2020\/11\/ACE-Micon-Pearl.jpg 331w, https:\/\/hiedl.dropit.fm\/wp-content\/uploads\/2020\/11\/ACE-Micon-Pearl-300x256.jpg 300w\" sizes=\"(max-width: 331px) 100vw, 331px\" \/><\/span>\n\t\t\t<\/div>\n\t<div class=\"mkd-iwt-content-holder\" >\n\t\t<div class=\"mkd-iwt-title-holder\">\n\t\t\t<h5 >ACE Micon Pearl<\/h5>\n\t<\/div>\n\t<div class=\"mkd-iwt-text-holder\">\n\t\t<p ><\/p>\n\n\t\t\t<\/div>\n<\/div>\n<\/div><div class=\"mkd-iwt clearfix mkd-iwt-icon-top mkd-iwt-icon-tiny\" >\n\t<div class=\"mkd-iwt-icon-holder\">\n\t\t\t\t\t<span class=\"mkd-iwt-custom-icon\" ><img width=\"331\" height=\"283\" src=\"https:\/\/hiedl.dropit.fm\/wp-content\/uploads\/2020\/11\/Bolero-Q-M312.jpg\" class=\"attachment-full size-full\" alt=\"\" loading=\"lazy\" srcset=\"https:\/\/hiedl.dropit.fm\/wp-content\/uploads\/2020\/11\/Bolero-Q-M312.jpg 331w, https:\/\/hiedl.dropit.fm\/wp-content\/uploads\/2020\/11\/Bolero-Q-M312-300x256.jpg 300w\" sizes=\"(max-width: 331px) 100vw, 331px\" \/><\/span>\n\t\t\t<\/div>\n\t<div class=\"mkd-iwt-content-holder\" >\n\t\t<div class=\"mkd-iwt-title-holder\">\n\t\t\t<h5 >Bolero Q M312<\/h5>\n\t<\/div>\n\t<div class=\"mkd-iwt-text-holder\">\n\t\t<p ><\/p>\n\n\t\t\t<\/div>\n<\/div>\n<\/div><div class=\"mkd-iwt clearfix mkd-iwt-icon-top mkd-iwt-icon-tiny\" >\n\t<div class=\"mkd-iwt-icon-holder\">\n\t\t\t\t\t<span class=\"mkd-iwt-custom-icon\" ><img width=\"331\" height=\"283\" src=\"https:\/\/hiedl.dropit.fm\/wp-content\/uploads\/2020\/11\/Bolero-Q-P-Hook.jpg\" class=\"attachment-full size-full\" alt=\"\" loading=\"lazy\" srcset=\"https:\/\/hiedl.dropit.fm\/wp-content\/uploads\/2020\/11\/Bolero-Q-P-Hook.jpg 331w, https:\/\/hiedl.dropit.fm\/wp-content\/uploads\/2020\/11\/Bolero-Q-P-Hook-300x256.jpg 300w\" sizes=\"(max-width: 331px) 100vw, 331px\" \/><\/span>\n\t\t\t<\/div>\n\t<div class=\"mkd-iwt-content-holder\" >\n\t\t<div class=\"mkd-iwt-title-holder\">\n\t\t\t<h5 >Bolero Q P Hook<\/h5>\n\t<\/div>\n\t<div class=\"mkd-iwt-text-holder\">\n\t\t<p ><\/p>\n\n\t\t\t<\/div>\n<\/div>\n<\/div>[\/vc_column][\/vc_row][vc_row][vc_column][vc_empty_space height=&#8220;100px&#8220;]<div class=\"mkd-elements-holder mkd-two-columns mkd-responsive-mode-768\" ><div class=\"mkd-elements-holder-item mkd-horizontal-alignment-left\"  style=\"background-image: url(https:\/\/hiedl.dropit.fm\/wp-content\/uploads\/2020\/11\/iStock-862574814.jpg)\">\n\t<div class=\"mkd-elements-holder-item-inner\">\n\t\t<div class=\"mkd-elements-holder-item-content mkd-elements-holder-custom-775620\" style=\"padding: 590px 0 0 0\">\n\t\t\t\t\t\t\t<style type=\"text\/css\" data-type=\"mkd-elements-custom-padding\" scoped>\n\t\t\t\t\t\t\t\t\t\t\t\t\t\t\t@media only screen and (min-width: 1024px) and (max-width: 1280px) {\n\t\t\t\t\t\t.mkd-elements-holder .mkd-elements-holder-item-content.mkd-elements-holder-custom-775620 {\n\t\t\t\t\t\t\tpadding: 575px 0 0 0 !important;\n\t\t\t\t\t\t}\n\t\t\t\t\t}\n\n\t\t\t\t\t\t\t\t\t\t\t\t\t\t\t\t\t\t\t\t@media only screen and (min-width: 600px) and (max-width: 768px) {\n\t\t\t\t\t\t.mkd-elements-holder .mkd-elements-holder-item-content.mkd-elements-holder-custom-775620 {\n\t\t\t\t\t\t\tpadding: 478px 0 0 0 !important;\n\t\t\t\t\t\t}\n\t\t\t\t\t}\n\n\t\t\t\t\t\t\t\t\t\t\t\t\t\t\t\t\t\t\t<\/style>\n\t\t\t\t\t\t\t\t<\/div>\n\t<\/div>\n<\/div><div class=\"mkd-elements-holder-item mkd-horizontal-alignment-left\"  >\n\t<div class=\"mkd-elements-holder-item-inner\">\n\t\t<div class=\"mkd-elements-holder-item-content mkd-elements-holder-custom-359650\" style=\"padding: 0% 20% 0% 10%\">\n\t\t\t\t\t\t\t<style type=\"text\/css\" data-type=\"mkd-elements-custom-padding\" scoped>\n\t\t\t\t\t\t\t\t\t\t\t\t\t\t\t@media only screen and (min-width: 1024px) and (max-width: 1280px) {\n\t\t\t\t\t\t.mkd-elements-holder .mkd-elements-holder-item-content.mkd-elements-holder-custom-359650 {\n\t\t\t\t\t\t\tpadding: 0% 10% 0% 10% !important;\n\t\t\t\t\t\t}\n\t\t\t\t\t}\n\n\t\t\t\t\t\t\t\t\t\t\t\t\t\t\t\t\t\t\t\t@media only screen and (min-width: 600px) and (max-width: 768px) {\n\t\t\t\t\t\t.mkd-elements-holder .mkd-elements-holder-item-content.mkd-elements-holder-custom-359650 {\n\t\t\t\t\t\t\tpadding: 12% 10% 12% 10% !important;\n\t\t\t\t\t\t}\n\t\t\t\t\t}\n\n\t\t\t\t\t\t\t\t\t\t\t\t\t\t\t@media only screen and (min-width: 480px) and (max-width: 600px) {\n\t\t\t\t\t\t.mkd-elements-holder .mkd-elements-holder-item-content.mkd-elements-holder-custom-359650 {\n\t\t\t\t\t\t\tpadding: 23% 10% 23% 10% !important;\n\t\t\t\t\t\t}\n\t\t\t\t\t}\n\n\t\t\t\t\t\t\t\t\t\t\t\t\t\t\t@media only screen and (max-width: 480px) {\n\t\t\t\t\t\t.mkd-elements-holder .mkd-elements-holder-item-content.mkd-elements-holder-custom-359650 {\n\t\t\t\t\t\t\tpadding: 23% 10% 23% 10% !important;\n\t\t\t\t\t\t}\n\t\t\t\t\t}\n\n\t\t\t\t\t\t\t\t\t<\/style>\n\t\t\t\t\t\t<div class=\"mkd-section-title-holder\">\n\t<h2 class=\"mkd-section-title\" >\n\tH\u00f6rger\u00e4te-Versicherung im H\u00f6rstudio Hiedl<\/h2>\n<\/div><div class=\"mkd-section-subtitle-holder mkd-section-subtitle-left\" >\n\t<p style=\"text-align: left;;text-transform: uppercase;\" class=\"mkd-section-subtitle\">Die pers\u00f6nliche Betreuung unserer Kunden liegt uns sehr am Herzen.<\/p>\n<\/div>[vc_empty_space height=&#8220;11px&#8220;][vc_column_text]In Zusammenarbeit mit der Allianz Versicherung k\u00f6nnen wir unseren Kunden eine ma\u00dfgeschneiderte H\u00f6rger\u00e4te-Versicherung anbieten. Eine Allianz-H\u00f6rger\u00e4teversicherung bietet unsch\u00e4tzbare Vorteile bei Verlust oder Besch\u00e4digung.<\/p>\n<p>1 Jahr ist dem H\u00f6rstudio Hiedl einfach nicht genug: Wir bieten unseren Kunden eine Garantieverl\u00e4ngerung f\u00fcr ihr H\u00f6rsystem an.<br \/>\nWir beraten Sie bei Fragen zur Garantieverl\u00e4ngerung gerne in unserem H\u00f6rstudio in M\u00f6dling.[\/vc_column_text][vc_empty_space height=&#8220;35px&#8220;][vc_single_image image=&#8220;4254&#8243;][vc_empty_space height=&#8220;13px&#8220;]\t\t<\/div>\n\t<\/div>\n<\/div><\/div>[\/vc_column][\/vc_row][vc_row content_width=&#8220;grid&#8220; css=&#8220;.vc_custom_1469172777537{padding-top: 97px !important;padding-bottom: 65px !important;background-color: #ffffff !important;}&#8220;][vc_column][vc_row_inner][vc_column_inner offset=&#8220;vc_col-lg-6 vc_col-md-12&#8243;][vc_empty_space height=&#8220;15px&#8220;]<div class=\"mkd-booking-form mkd-bf-layout-vertical light \" data-depts-doctors=\"{&quot;Akustik Meister&quot;:[&quot;Beate Hiedl&quot;,&quot;Norbert Hiedl&quot;],&quot;EDV Techniker&quot;:[&quot;Marc Hiedl&quot;]}\">\n\n\t\n\t<div class=\"mkd-booking-form-inner \">\n\n\t\t\t\t<div class=\"mkd-bf-motto\"><h4>Wir sind f\u00fcr Sie da.<\/h4><\/div>\n\t\t\n\t\t\t\t<div class=\"mkd-bf-title\"><h2>Termin anfragen<\/h2><\/div>\n\t\t\n\t\t<div class=\"mkd-bf-form-fields mkd-bf-columns-2\">\n\t\t\t<form method=\"POST\">\n\n\t\t\t\t<div class=\"mkd-bf-form-item mkd-bf-narrow\">\n\t\t\t\t\t<select class=\"mkd-bf-select-field mkd-bf-select-department\" name=\"mkd-booking-department\">\n\t\t\t\t\t\t<option value=\"\">Bereich w\u00e4hlen<\/option>\n\t\t\t\t\t\t\t\t\t\t\t\t<option value=\"Akustik Meister\">Akustik Meister<\/option>\n\t\t\t\t\t\t\t\t\t\t\t\t<option value=\"EDV Techniker\">EDV Techniker<\/option>\n\t\t\t\t\t\t\t\t\t\t\t<\/select>\n\t\t\t\t<\/div>\n\n\t\t\t\t<div class=\"mkd-bf-form-item mkd-bf-narrow\">\n\t\t\t\t\t<select class=\"mkd-bf-select-field mkd-bf-select-doctor\" name=\"mkd-booking-doctor\">\n\t\t\t\t\t\t<option value=\"\">Person w\u00e4hlen<\/option>\n\t\t\t\t\t<\/select>\n\t\t\t\t<\/div>\n\n                <div class=\"mkd-bf-form-item mkd-bf-name mkd-bf-narrow\">\n                    <input type=\"text\" class=\"mkd-bf-input-name\" name=\"mkd-booking-name\" placeholder=\"Vor- Nachname\">\n                <\/div>\n\n                <div class=\"mkd-bf-form-item mkd-bf-contact mkd-bf-narrow\">\n                    <input type=\"text\" class=\"mkd-bf-input-contact\" name=\"mkd-booking-contact\" placeholder=\"Telefonnummer\">\n                <\/div>\n\n\t\t\t\t<div class=\"mkd-bf-form-item mkd-date mkd-bf-narrow\">\n\t\t\t\t\t<input type=\"text\" class=\"mkd-bf-input-date\" name=\"mkd-booking-date\" placeholder=\"Datum\">\n\t\t\t\t\t<div class=\"mkd-bf-field-icon-holder\"><\/div>\n\t\t\t\t<\/div>\n\n\t\t\t\t<div class=\"mkd-bf-form-item mkd-time mkd-bf-narrow\">\n\t\t\t\t\t<input type=\"text\" class=\"mkd-bf-input-time\" name=\"mkd-booking-time\" placeholder=\"Zeit\">\n\t\t\t\t\t<div class=\"mkd-bf-field-icon-holder\"><\/div>\n\t\t\t\t<\/div>\n\n\t\t\t\t\t\t\t\t<div class=\"mkd-bf-form-item mkd-bf-wide\">\n\t\t\t\t\t<textarea class=\"mkd-bf-input-request\" name=\"mkd-booking-request\" placeholder=\"Ihr Anliegen...\"><\/textarea>\n\t\t\t\t<\/div>\n\t\t\t\t\n\t\t\t\t<span class=\"nonce\"><input type=\"hidden\" id=\"mkd_nonce_booking_form_2055344944\" name=\"mkd_nonce_booking_form_2055344944\" value=\"b471cb6dfa\" \/><input type=\"hidden\" name=\"_wp_http_referer\" value=\"\/index.php\/wp-json\/wp\/v2\/pages\/4103\" \/><\/span>\n\t\t\t\t<script type=\"application\/javascript\">if (typeof MikadoAjaxUrl === \"undefined\") {var MikadoAjaxUrl = \"https:\/\/hiedl.dropit.fm\/wp-admin\/admin-ajax.php\"; }<\/script>\n\t\t\t\t\t\t\t\t<div class=\"mkd-bf-form-response-holder\"><\/div>\n\t\t\t\t\n\t\t\t\t<div class=\"mkd-bf-form-button\">\n\t\t\t\t\t<input type=\"submit\" name=\"mkd-booking-submit\" value=\"Termin erfragen\"  class=\"mkd-btn mkd-btn-small mkd-btn-solid mkd-btn-hover-outline\"  data-sending-label=\"Sending...\" \/>\t\t\t\t<\/div>\n\n\t\t\t\t\n\t\t\t<\/form>\n\t\t<\/div>\n\n\t<\/div>\n<\/div>[vc_empty_space height=&#8220;50px&#8220;][\/vc_column_inner][vc_column_inner offset=&#8220;vc_col-lg-6 vc_col-md-12&#8243;][vc_column_text]<\/p>\n<h3>Kunden Feedback<\/h3>\n<p>[\/vc_column_text][vc_empty_space height=&#8220;5px&#8220;]<div class=\"mkd-testimonials-holder clearfix dark\"><div class=\"mkd-testimonials testimonials-grid\"><div class=\"mkd-testimonials-holder-inner\">\n\t<div id=\"mkd-testimonials961\" class=\"mkd-testimonial-content testimonials-grid mkd-one-column\">\n\t\t<div class=\"mkd-testimonial-quote-sign \"><span class=\"icon_quotations\"><\/span><\/div>\n\t\t<div class=\"mkd-testimonial-text-inner \">\n\t\t\t<p class=\"mkd-testimonial-text \">Sehr gute Betreuung. Schnelle Terminvereinbarung, und  immer mit Hilfestellungen<\/p>\n\t\t\t\t\t\t\t<div class=\"mkd-testimonial-author\">\n\t\t\t\t\t\t\t\t\t\t\t<div class=\"mkd-testimonial-image-holder\">\n\t\t\t\t\t\t\t<img width=\"240\" height=\"238\" src=\"https:\/\/hiedl.dropit.fm\/wp-content\/uploads\/2016\/06\/testimonial_wilhelm.png\" class=\"attachment-961 size-961 wp-post-image\" alt=\"\" loading=\"lazy\" srcset=\"https:\/\/hiedl.dropit.fm\/wp-content\/uploads\/2016\/06\/testimonial_wilhelm.png 240w, https:\/\/hiedl.dropit.fm\/wp-content\/uploads\/2016\/06\/testimonial_wilhelm-150x150.png 150w, https:\/\/hiedl.dropit.fm\/wp-content\/uploads\/2016\/06\/testimonial_wilhelm-100x100.png 100w\" sizes=\"(max-width: 240px) 100vw, 240px\" \/>\t\t\t\t\t\t<\/div>\n\t\t\t\t\t\t\t\t\t\t<h6 class=\"mkd-testimonial-author-text \">Wilhelm<\/h6>\n\t\t\t\t\t\t\t\t\t\t\t<h6 class=\"mkd-testimonials-job \">Pensionist<\/h6>\n\t\t\t\t\t\n\t\t\t\t<\/div>\n\t\t\t\t\t<\/div>\n\n\t<\/div>\n<\/div>\n<div class=\"mkd-testimonials-holder-inner\">\n\t<div id=\"mkd-testimonials958\" class=\"mkd-testimonial-content testimonials-grid mkd-one-column\">\n\t\t<div class=\"mkd-testimonial-quote-sign \"><span class=\"icon_quotations\"><\/span><\/div>\n\t\t<div class=\"mkd-testimonial-text-inner \">\n\t\t\t<p class=\"mkd-testimonial-text \">Alles O.K. - Super zufrieden und einwandfreier Service, seit 6 Jahren Kunde mit vollster Zufriedenheit<\/p>\n\t\t\t\t\t\t\t<div class=\"mkd-testimonial-author\">\n\t\t\t\t\t\t\t\t\t\t\t<div class=\"mkd-testimonial-image-holder\">\n\t\t\t\t\t\t\t<img width=\"240\" height=\"238\" src=\"https:\/\/hiedl.dropit.fm\/wp-content\/uploads\/2016\/06\/testimonial_silvia.png\" class=\"attachment-958 size-958 wp-post-image\" alt=\"\" loading=\"lazy\" srcset=\"https:\/\/hiedl.dropit.fm\/wp-content\/uploads\/2016\/06\/testimonial_silvia.png 240w, https:\/\/hiedl.dropit.fm\/wp-content\/uploads\/2016\/06\/testimonial_silvia-150x150.png 150w, https:\/\/hiedl.dropit.fm\/wp-content\/uploads\/2016\/06\/testimonial_silvia-100x100.png 100w\" sizes=\"(max-width: 240px) 100vw, 240px\" \/>\t\t\t\t\t\t<\/div>\n\t\t\t\t\t\t\t\t\t\t<h6 class=\"mkd-testimonial-author-text \">Silvia<\/h6>\n\t\t\t\t\t\t\t\t\t\t\t<h6 class=\"mkd-testimonials-job \">Operation Manager<\/h6>\n\t\t\t\t\t\n\t\t\t\t<\/div>\n\t\t\t\t\t<\/div>\n\n\t<\/div>\n<\/div>\n<\/div><\/div>[vc_empty_space height=&#8220;50px&#8220;][\/vc_column_inner][\/vc_row_inner][\/vc_column][\/vc_row]<\/p>\n","protected":false},"excerpt":{"rendered":"<p>[vc_row content_width=&#8220;grid&#8220; css=&#8220;.vc_custom_1603181862883{padding-top: 105px !important;background-color: #ffffff !important;}&#8220;][vc_column][vc_empty_space height=&#8220;15px&#8220;][\/vc_column][\/vc_row][vc_row content_width=&#8220;grid&#8220; css=&#8220;.vc_custom_1603181862883{padding-top: 105px !important;background-color: #ffffff !important;}&#8220;][vc_column width=&#8220;1\/2&#8243;][vc_empty_space height=&#8220;15px&#8220;][\/vc_column][vc_column width=&#8220;1\/2&#8243;][vc_empty_space height=&#8220;15px&#8220;][\/vc_column][\/vc_row][vc_row][vc_column][vc_empty_space height=&#8220;100px&#8220;][\/vc_column][\/vc_row][vc_row content_width=&#8220;grid&#8220; css=&#8220;.vc_custom_1469172777537{padding-top: 97px !important;padding-bottom: 65px !important;background-color: #ffffff !important;}&#8220;][vc_column][vc_row_inner][vc_column_inner offset=&#8220;vc_col-lg-6 vc_col-md-12&#8243;][vc_empty_space height=&#8220;15px&#8220;][vc_empty_space height=&#8220;50px&#8220;][\/vc_column_inner][vc_column_inner offset=&#8220;vc_col-lg-6 vc_col-md-12&#8243;][vc_column_text] Kunden Feedback [\/vc_column_text][vc_empty_space height=&#8220;5px&#8220;][vc_empty_space height=&#8220;50px&#8220;][\/vc_column_inner][\/vc_row_inner][\/vc_column][\/vc_row]<\/p>\n","protected":false},"author":1,"featured_media":4056,"parent":0,"menu_order":0,"comment_status":"closed","ping_status":"closed","template":"full-width.php","meta":[],"_links":{"self":[{"href":"https:\/\/hiedl.dropit.fm\/index.php\/wp-json\/wp\/v2\/pages\/4103"}],"collection":[{"href":"https:\/\/hiedl.dropit.fm\/index.php\/wp-json\/wp\/v2\/pages"}],"about":[{"href":"https:\/\/hiedl.dropit.fm\/index.php\/wp-json\/wp\/v2\/types\/page"}],"author":[{"embeddable":true,"href":"https:\/\/hiedl.dropit.fm\/index.php\/wp-json\/wp\/v2\/users\/1"}],"replies":[{"embeddable":true,"href":"https:\/\/hiedl.dropit.fm\/index.php\/wp-json\/wp\/v2\/comments?post=4103"}],"version-history":[{"count":44,"href":"https:\/\/hiedl.dropit.fm\/index.php\/wp-json\/wp\/v2\/pages\/4103\/revisions"}],"predecessor-version":[{"id":4392,"href":"https:\/\/hiedl.dropit.fm\/index.php\/wp-json\/wp\/v2\/pages\/4103\/revisions\/4392"}],"wp:featuredmedia":[{"embeddable":true,"href":"https:\/\/hiedl.dropit.fm\/index.php\/wp-json\/wp\/v2\/media\/4056"}],"wp:attachment":[{"href":"https:\/\/hiedl.dropit.fm\/index.php\/wp-json\/wp\/v2\/media?parent=4103"}],"curies":[{"name":"wp","href":"https:\/\/api.w.org\/{rel}","templated":true}]}}