{"id":4168,"date":"2020-10-27T12:42:07","date_gmt":"2020-10-27T12:42:07","guid":{"rendered":"https:\/\/hiedl.dropit.fm\/?page_id=4168"},"modified":"2020-11-09T10:23:36","modified_gmt":"2020-11-09T10:23:36","slug":"gehoerschutz","status":"publish","type":"page","link":"https:\/\/hiedl.dropit.fm\/index.php\/gehoerschutz\/","title":{"rendered":"Geh\u00f6rschutz"},"content":{"rendered":"<p>[vc_row content_width=&#8220;grid&#8220; css=&#8220;.vc_custom_1603805192641{padding-top: 105px !important;background-color: #ffffff !important;}&#8220;][vc_column]<div class=\"mkd-section-title-holder\">\n\t<h2 class=\"mkd-section-title\" style=\"text-align: center\">\n\tDas H\u00f6rstudio Hiedl ist Ihr pers\u00f6nlicher Ohrsch\u00fctzer<\/h2>\n<\/div><div class=\"mkd-section-subtitle-holder mkd-section-subtitle-center\" style=\"width: 80%\">\n\t<p style=\"text-align: center;\" class=\"mkd-section-subtitle\">Sie arbeiten in lauter Umgebung, gehen gerne auf Festivals oder sind Sportsch\u00fctze? Dann ist ein individuell angepasster Geh\u00f6rschutz genau das Richtige f\u00fcr Sie und Ihre Ohr-Gesundheit.<\/p>\n<\/div>[vc_empty_space height=&#8220;55px&#8220;][\/vc_column][\/vc_row][vc_row][vc_column]<div class=\"mkd-image-gallery\">\n\t<div class=\"mkd-image-gallery-grid mkd-gallery-columns-4 mkd-no-space \">\n\t\t\t\t\t<div class=\"mkd-gallery-image \">\n\t\t\t\t<div class=\"mkd-image-gallery-holder\">\n\t\t\t\t\t\t\t\t\t\t\t\t\t\t\t\t\t\t<img width=\"2168\" height=\"1383\" src=\"https:\/\/hiedl.dropit.fm\/wp-content\/uploads\/2020\/10\/iStock-1132091952_03.jpg\" class=\"attachment-full size-full\" alt=\"\" loading=\"lazy\" srcset=\"https:\/\/hiedl.dropit.fm\/wp-content\/uploads\/2020\/10\/iStock-1132091952_03.jpg 2168w, https:\/\/hiedl.dropit.fm\/wp-content\/uploads\/2020\/10\/iStock-1132091952_03-300x191.jpg 300w, https:\/\/hiedl.dropit.fm\/wp-content\/uploads\/2020\/10\/iStock-1132091952_03-1024x653.jpg 1024w, https:\/\/hiedl.dropit.fm\/wp-content\/uploads\/2020\/10\/iStock-1132091952_03-768x490.jpg 768w, https:\/\/hiedl.dropit.fm\/wp-content\/uploads\/2020\/10\/iStock-1132091952_03-1536x980.jpg 1536w, https:\/\/hiedl.dropit.fm\/wp-content\/uploads\/2020\/10\/iStock-1132091952_03-600x383.jpg 600w\" sizes=\"(max-width: 2168px) 100vw, 2168px\" \/>\t\t\t\t\t\t\t\t\t\t\t\t<span class=\"mkd-image-gallery-hover\"><\/span>\n\t\t\t\t\t\t\t\t\t\t<\/div>\n\t\t\t<\/div>\n\t\t\t\t\t<div class=\"mkd-gallery-image \">\n\t\t\t\t<div class=\"mkd-image-gallery-holder\">\n\t\t\t\t\t\t\t\t\t\t\t\t\t\t\t\t\t\t<img width=\"2121\" height=\"1414\" src=\"https:\/\/hiedl.dropit.fm\/wp-content\/uploads\/2020\/11\/iStock-1126646571.jpg\" class=\"attachment-full size-full\" alt=\"\" loading=\"lazy\" srcset=\"https:\/\/hiedl.dropit.fm\/wp-content\/uploads\/2020\/11\/iStock-1126646571.jpg 2121w, https:\/\/hiedl.dropit.fm\/wp-content\/uploads\/2020\/11\/iStock-1126646571-300x200.jpg 300w, https:\/\/hiedl.dropit.fm\/wp-content\/uploads\/2020\/11\/iStock-1126646571-1024x683.jpg 1024w, https:\/\/hiedl.dropit.fm\/wp-content\/uploads\/2020\/11\/iStock-1126646571-768x512.jpg 768w, https:\/\/hiedl.dropit.fm\/wp-content\/uploads\/2020\/11\/iStock-1126646571-1536x1024.jpg 1536w, https:\/\/hiedl.dropit.fm\/wp-content\/uploads\/2020\/11\/iStock-1126646571-600x400.jpg 600w\" sizes=\"(max-width: 2121px) 100vw, 2121px\" \/>\t\t\t\t\t\t\t\t\t\t\t\t<span class=\"mkd-image-gallery-hover\"><\/span>\n\t\t\t\t\t\t\t\t\t\t<\/div>\n\t\t\t<\/div>\n\t\t\t\t\t<div class=\"mkd-gallery-image \">\n\t\t\t\t<div class=\"mkd-image-gallery-holder\">\n\t\t\t\t\t\t\t\t\t\t\t\t\t\t\t\t\t\t<img width=\"2121\" height=\"1414\" src=\"https:\/\/hiedl.dropit.fm\/wp-content\/uploads\/2020\/11\/iStock-501710049.jpg\" class=\"attachment-full size-full\" alt=\"\" loading=\"lazy\" srcset=\"https:\/\/hiedl.dropit.fm\/wp-content\/uploads\/2020\/11\/iStock-501710049.jpg 2121w, https:\/\/hiedl.dropit.fm\/wp-content\/uploads\/2020\/11\/iStock-501710049-300x200.jpg 300w, https:\/\/hiedl.dropit.fm\/wp-content\/uploads\/2020\/11\/iStock-501710049-1024x683.jpg 1024w, https:\/\/hiedl.dropit.fm\/wp-content\/uploads\/2020\/11\/iStock-501710049-768x512.jpg 768w, https:\/\/hiedl.dropit.fm\/wp-content\/uploads\/2020\/11\/iStock-501710049-1536x1024.jpg 1536w, https:\/\/hiedl.dropit.fm\/wp-content\/uploads\/2020\/11\/iStock-501710049-600x400.jpg 600w\" sizes=\"(max-width: 2121px) 100vw, 2121px\" \/>\t\t\t\t\t\t\t\t\t\t\t\t<span class=\"mkd-image-gallery-hover\"><\/span>\n\t\t\t\t\t\t\t\t\t\t<\/div>\n\t\t\t<\/div>\n\t\t\t\t\t<div class=\"mkd-gallery-image \">\n\t\t\t\t<div class=\"mkd-image-gallery-holder\">\n\t\t\t\t\t\t\t\t\t\t\t\t\t\t\t\t\t\t<img width=\"2124\" height=\"1412\" src=\"https:\/\/hiedl.dropit.fm\/wp-content\/uploads\/2020\/11\/iStock-1179614098.jpg\" class=\"attachment-full size-full\" alt=\"\" loading=\"lazy\" srcset=\"https:\/\/hiedl.dropit.fm\/wp-content\/uploads\/2020\/11\/iStock-1179614098.jpg 2124w, https:\/\/hiedl.dropit.fm\/wp-content\/uploads\/2020\/11\/iStock-1179614098-300x199.jpg 300w, https:\/\/hiedl.dropit.fm\/wp-content\/uploads\/2020\/11\/iStock-1179614098-1024x681.jpg 1024w, https:\/\/hiedl.dropit.fm\/wp-content\/uploads\/2020\/11\/iStock-1179614098-768x511.jpg 768w, https:\/\/hiedl.dropit.fm\/wp-content\/uploads\/2020\/11\/iStock-1179614098-1536x1021.jpg 1536w, https:\/\/hiedl.dropit.fm\/wp-content\/uploads\/2020\/11\/iStock-1179614098-600x399.jpg 600w\" sizes=\"(max-width: 2124px) 100vw, 2124px\" \/>\t\t\t\t\t\t\t\t\t\t\t\t<span class=\"mkd-image-gallery-hover\"><\/span>\n\t\t\t\t\t\t\t\t\t\t<\/div>\n\t\t\t<\/div>\n\t\t\t<\/div>\n<\/div>[\/vc_column][\/vc_row][vc_row content_width=&#8220;grid&#8220; content_aligment=&#8220;right&#8220;][vc_column][vc_empty_space height=&#8220;55px&#8220;]<div class=\"mkd-section-title-holder\">\n\t<h2 class=\"mkd-section-title\" style=\"text-align: center\">\n\tIm H\u00f6rstudio Hiedl erh\u00e4ltlich<\/h2>\n<\/div><div class=\"mkd-section-subtitle-holder mkd-section-subtitle-center\" style=\"width: 80%\">\n\t<p style=\"text-align: center;\" class=\"mkd-section-subtitle\">Ob beruflich oder privat: F\u00fcr jede Gelegenheit, f\u00fcr jeden Anspruch haben wir das passende Modell f\u00fcr Sie. Hochwertiger Geh\u00f6rschutz \u00fcberzeugt durch hohen Tragekomfort, ideale Passform, Langlebigkeit und nat\u00fcrlich Reduktion der L\u00e4rmbelastung.<\/p>\n<\/div>[vc_empty_space height=&#8220;55px&#8220;][\/vc_column][vc_column width=&#8220;1\/3&#8243;]<div  class=\"mkd-icon-list-item mkd-icon-list-item-default-font-family\">\n\t<div class=\"mkd-icon-list-icon-holder\">\n\t\t<div class=\"mkd-icon-list-icon-holder-inner clearfix\">\n\t\t\t<i class=\"mkd-icon-font-awesome fa fa-arrow-circle-o-right \" style=\"\" ><\/i>\t\t<\/div>\n\t<\/div>\n\t<p class=\"mkd-icon-list-text\"  > Standardgeh\u00f6rschutz<\/p>\n<\/div>[\/vc_column][vc_column width=&#8220;1\/3&#8243;]<div  class=\"mkd-icon-list-item mkd-icon-list-item-default-font-family\">\n\t<div class=\"mkd-icon-list-icon-holder\">\n\t\t<div class=\"mkd-icon-list-icon-holder-inner clearfix\">\n\t\t\t<i class=\"mkd-icon-font-awesome fa fa-arrow-circle-o-right \" style=\"\" ><\/i>\t\t<\/div>\n\t<\/div>\n\t<p class=\"mkd-icon-list-text\"  > Ma\u00dfgefertigter Geh\u00f6rschutz<\/p>\n<\/div>[\/vc_column][vc_column width=&#8220;1\/3&#8243;]<div  class=\"mkd-icon-list-item mkd-icon-list-item-default-font-family\">\n\t<div class=\"mkd-icon-list-icon-holder\">\n\t\t<div class=\"mkd-icon-list-icon-holder-inner clearfix\">\n\t\t\t<i class=\"mkd-icon-font-awesome fa fa-arrow-circle-o-right \" style=\"\" ><\/i>\t\t<\/div>\n\t<\/div>\n\t<p class=\"mkd-icon-list-text\"  > Geh\u00f6rschutz nach EN 352-2 gepr\u00fcft ist.<\/p>\n<\/div>[\/vc_column][\/vc_row][vc_row content_width=&#8220;grid&#8220; css=&#8220;.vc_custom_1469172777537{padding-top: 97px !important;padding-bottom: 65px !important;background-color: #ffffff !important;}&#8220;][vc_column][vc_row_inner][vc_column_inner offset=&#8220;vc_col-lg-6 vc_col-md-12&#8243;][vc_empty_space height=&#8220;15px&#8220;]<div class=\"mkd-booking-form mkd-bf-layout-vertical light \" data-depts-doctors=\"{&quot;Akustik Meister&quot;:[&quot;Beate Hiedl&quot;,&quot;Norbert Hiedl&quot;],&quot;EDV Techniker&quot;:[&quot;Marc Hiedl&quot;]}\">\n\n\t\n\t<div class=\"mkd-booking-form-inner \">\n\n\t\t\t\t<div class=\"mkd-bf-motto\"><h4>Wir sind f\u00fcr Sie da.<\/h4><\/div>\n\t\t\n\t\t\t\t<div class=\"mkd-bf-title\"><h2>Termin anfragen<\/h2><\/div>\n\t\t\n\t\t<div class=\"mkd-bf-form-fields mkd-bf-columns-2\">\n\t\t\t<form method=\"POST\">\n\n\t\t\t\t<div class=\"mkd-bf-form-item mkd-bf-narrow\">\n\t\t\t\t\t<select class=\"mkd-bf-select-field mkd-bf-select-department\" name=\"mkd-booking-department\">\n\t\t\t\t\t\t<option value=\"\">Bereich w\u00e4hlen<\/option>\n\t\t\t\t\t\t\t\t\t\t\t\t<option value=\"Akustik Meister\">Akustik Meister<\/option>\n\t\t\t\t\t\t\t\t\t\t\t\t<option value=\"EDV Techniker\">EDV Techniker<\/option>\n\t\t\t\t\t\t\t\t\t\t\t<\/select>\n\t\t\t\t<\/div>\n\n\t\t\t\t<div class=\"mkd-bf-form-item mkd-bf-narrow\">\n\t\t\t\t\t<select class=\"mkd-bf-select-field mkd-bf-select-doctor\" name=\"mkd-booking-doctor\">\n\t\t\t\t\t\t<option value=\"\">Person w\u00e4hlen<\/option>\n\t\t\t\t\t<\/select>\n\t\t\t\t<\/div>\n\n                <div class=\"mkd-bf-form-item mkd-bf-name mkd-bf-narrow\">\n                    <input type=\"text\" class=\"mkd-bf-input-name\" name=\"mkd-booking-name\" placeholder=\"Vor- Nachname\">\n                <\/div>\n\n                <div class=\"mkd-bf-form-item mkd-bf-contact mkd-bf-narrow\">\n                    <input type=\"text\" class=\"mkd-bf-input-contact\" name=\"mkd-booking-contact\" placeholder=\"Telefonnummer\">\n                <\/div>\n\n\t\t\t\t<div class=\"mkd-bf-form-item mkd-date mkd-bf-narrow\">\n\t\t\t\t\t<input type=\"text\" class=\"mkd-bf-input-date\" name=\"mkd-booking-date\" placeholder=\"Datum\">\n\t\t\t\t\t<div class=\"mkd-bf-field-icon-holder\"><\/div>\n\t\t\t\t<\/div>\n\n\t\t\t\t<div class=\"mkd-bf-form-item mkd-time mkd-bf-narrow\">\n\t\t\t\t\t<input type=\"text\" class=\"mkd-bf-input-time\" name=\"mkd-booking-time\" placeholder=\"Zeit\">\n\t\t\t\t\t<div class=\"mkd-bf-field-icon-holder\"><\/div>\n\t\t\t\t<\/div>\n\n\t\t\t\t\t\t\t\t<div class=\"mkd-bf-form-item mkd-bf-wide\">\n\t\t\t\t\t<textarea class=\"mkd-bf-input-request\" name=\"mkd-booking-request\" placeholder=\"Ihr Anliegen...\"><\/textarea>\n\t\t\t\t<\/div>\n\t\t\t\t\n\t\t\t\t<span class=\"nonce\"><input type=\"hidden\" id=\"mkd_nonce_booking_form_2039531433\" name=\"mkd_nonce_booking_form_2039531433\" value=\"b471cb6dfa\" \/><input type=\"hidden\" name=\"_wp_http_referer\" value=\"\/index.php\/wp-json\/wp\/v2\/pages\/4168\" \/><\/span>\n\t\t\t\t<script type=\"application\/javascript\">if (typeof MikadoAjaxUrl === \"undefined\") {var MikadoAjaxUrl = \"https:\/\/hiedl.dropit.fm\/wp-admin\/admin-ajax.php\"; }<\/script>\n\t\t\t\t\t\t\t\t<div class=\"mkd-bf-form-response-holder\"><\/div>\n\t\t\t\t\n\t\t\t\t<div class=\"mkd-bf-form-button\">\n\t\t\t\t\t<input type=\"submit\" name=\"mkd-booking-submit\" value=\"Termin erfragen\"  class=\"mkd-btn mkd-btn-small mkd-btn-solid mkd-btn-hover-outline\"  data-sending-label=\"Sending...\" \/>\t\t\t\t<\/div>\n\n\t\t\t\t\n\t\t\t<\/form>\n\t\t<\/div>\n\n\t<\/div>\n<\/div>[vc_empty_space height=&#8220;50px&#8220;][\/vc_column_inner][vc_column_inner offset=&#8220;vc_col-lg-6 vc_col-md-12&#8243;][vc_column_text]<\/p>\n<h3>Kunden Feedback<\/h3>\n<p>[\/vc_column_text][vc_empty_space height=&#8220;5px&#8220;]<div class=\"mkd-testimonials-holder clearfix dark\"><div class=\"mkd-testimonials testimonials-grid\"><div class=\"mkd-testimonials-holder-inner\">\n\t<div id=\"mkd-testimonials961\" class=\"mkd-testimonial-content testimonials-grid mkd-one-column\">\n\t\t<div class=\"mkd-testimonial-quote-sign \"><span class=\"icon_quotations\"><\/span><\/div>\n\t\t<div class=\"mkd-testimonial-text-inner \">\n\t\t\t<p class=\"mkd-testimonial-text \">Sehr gute Betreuung. Schnelle Terminvereinbarung, und  immer mit Hilfestellungen<\/p>\n\t\t\t\t\t\t\t<div class=\"mkd-testimonial-author\">\n\t\t\t\t\t\t\t\t\t\t\t<div class=\"mkd-testimonial-image-holder\">\n\t\t\t\t\t\t\t<img width=\"240\" height=\"238\" src=\"https:\/\/hiedl.dropit.fm\/wp-content\/uploads\/2016\/06\/testimonial_wilhelm.png\" class=\"attachment-961 size-961 wp-post-image\" alt=\"\" loading=\"lazy\" srcset=\"https:\/\/hiedl.dropit.fm\/wp-content\/uploads\/2016\/06\/testimonial_wilhelm.png 240w, https:\/\/hiedl.dropit.fm\/wp-content\/uploads\/2016\/06\/testimonial_wilhelm-150x150.png 150w, https:\/\/hiedl.dropit.fm\/wp-content\/uploads\/2016\/06\/testimonial_wilhelm-100x100.png 100w\" sizes=\"(max-width: 240px) 100vw, 240px\" \/>\t\t\t\t\t\t<\/div>\n\t\t\t\t\t\t\t\t\t\t<h6 class=\"mkd-testimonial-author-text \">Wilhelm<\/h6>\n\t\t\t\t\t\t\t\t\t\t\t<h6 class=\"mkd-testimonials-job \">Pensionist<\/h6>\n\t\t\t\t\t\n\t\t\t\t<\/div>\n\t\t\t\t\t<\/div>\n\n\t<\/div>\n<\/div>\n<div class=\"mkd-testimonials-holder-inner\">\n\t<div id=\"mkd-testimonials958\" class=\"mkd-testimonial-content testimonials-grid mkd-one-column\">\n\t\t<div class=\"mkd-testimonial-quote-sign \"><span class=\"icon_quotations\"><\/span><\/div>\n\t\t<div class=\"mkd-testimonial-text-inner \">\n\t\t\t<p class=\"mkd-testimonial-text \">Alles O.K. - Super zufrieden und einwandfreier Service, seit 6 Jahren Kunde mit vollster Zufriedenheit<\/p>\n\t\t\t\t\t\t\t<div class=\"mkd-testimonial-author\">\n\t\t\t\t\t\t\t\t\t\t\t<div class=\"mkd-testimonial-image-holder\">\n\t\t\t\t\t\t\t<img width=\"240\" height=\"238\" src=\"https:\/\/hiedl.dropit.fm\/wp-content\/uploads\/2016\/06\/testimonial_silvia.png\" class=\"attachment-958 size-958 wp-post-image\" alt=\"\" loading=\"lazy\" srcset=\"https:\/\/hiedl.dropit.fm\/wp-content\/uploads\/2016\/06\/testimonial_silvia.png 240w, https:\/\/hiedl.dropit.fm\/wp-content\/uploads\/2016\/06\/testimonial_silvia-150x150.png 150w, https:\/\/hiedl.dropit.fm\/wp-content\/uploads\/2016\/06\/testimonial_silvia-100x100.png 100w\" sizes=\"(max-width: 240px) 100vw, 240px\" \/>\t\t\t\t\t\t<\/div>\n\t\t\t\t\t\t\t\t\t\t<h6 class=\"mkd-testimonial-author-text \">Silvia<\/h6>\n\t\t\t\t\t\t\t\t\t\t\t<h6 class=\"mkd-testimonials-job \">Operation Manager<\/h6>\n\t\t\t\t\t\n\t\t\t\t<\/div>\n\t\t\t\t\t<\/div>\n\n\t<\/div>\n<\/div>\n<\/div><\/div>[vc_empty_space height=&#8220;50px&#8220;][\/vc_column_inner][\/vc_row_inner][\/vc_column][\/vc_row]<\/p>\n","protected":false},"excerpt":{"rendered":"<p>[vc_row content_width=&#8220;grid&#8220; css=&#8220;.vc_custom_1603805192641{padding-top: 105px !important;background-color: #ffffff !important;}&#8220;][vc_column][vc_empty_space height=&#8220;55px&#8220;][\/vc_column][\/vc_row][vc_row][vc_column][\/vc_column][\/vc_row][vc_row content_width=&#8220;grid&#8220; content_aligment=&#8220;right&#8220;][vc_column][vc_empty_space height=&#8220;55px&#8220;][vc_empty_space height=&#8220;55px&#8220;][\/vc_column][vc_column width=&#8220;1\/3&#8243;][\/vc_column][vc_column width=&#8220;1\/3&#8243;][\/vc_column][vc_column width=&#8220;1\/3&#8243;][\/vc_column][\/vc_row][vc_row content_width=&#8220;grid&#8220; css=&#8220;.vc_custom_1469172777537{padding-top: 97px !important;padding-bottom: 65px !important;background-color: #ffffff !important;}&#8220;][vc_column][vc_row_inner][vc_column_inner offset=&#8220;vc_col-lg-6 vc_col-md-12&#8243;][vc_empty_space height=&#8220;15px&#8220;][vc_empty_space height=&#8220;50px&#8220;][\/vc_column_inner][vc_column_inner offset=&#8220;vc_col-lg-6 vc_col-md-12&#8243;][vc_column_text] Kunden Feedback [\/vc_column_text][vc_empty_space height=&#8220;5px&#8220;][vc_empty_space height=&#8220;50px&#8220;][\/vc_column_inner][\/vc_row_inner][\/vc_column][\/vc_row]<\/p>\n","protected":false},"author":1,"featured_media":4059,"parent":0,"menu_order":0,"comment_status":"closed","ping_status":"closed","template":"full-width.php","meta":[],"_links":{"self":[{"href":"https:\/\/hiedl.dropit.fm\/index.php\/wp-json\/wp\/v2\/pages\/4168"}],"collection":[{"href":"https:\/\/hiedl.dropit.fm\/index.php\/wp-json\/wp\/v2\/pages"}],"about":[{"href":"https:\/\/hiedl.dropit.fm\/index.php\/wp-json\/wp\/v2\/types\/page"}],"author":[{"embeddable":true,"href":"https:\/\/hiedl.dropit.fm\/index.php\/wp-json\/wp\/v2\/users\/1"}],"replies":[{"embeddable":true,"href":"https:\/\/hiedl.dropit.fm\/index.php\/wp-json\/wp\/v2\/comments?post=4168"}],"version-history":[{"count":51,"href":"https:\/\/hiedl.dropit.fm\/index.php\/wp-json\/wp\/v2\/pages\/4168\/revisions"}],"predecessor-version":[{"id":4320,"href":"https:\/\/hiedl.dropit.fm\/index.php\/wp-json\/wp\/v2\/pages\/4168\/revisions\/4320"}],"wp:featuredmedia":[{"embeddable":true,"href":"https:\/\/hiedl.dropit.fm\/index.php\/wp-json\/wp\/v2\/media\/4059"}],"wp:attachment":[{"href":"https:\/\/hiedl.dropit.fm\/index.php\/wp-json\/wp\/v2\/media?parent=4168"}],"curies":[{"name":"wp","href":"https:\/\/api.w.org\/{rel}","templated":true}]}}