{"id":4230,"date":"2020-10-28T08:16:40","date_gmt":"2020-10-28T08:16:40","guid":{"rendered":"https:\/\/hiedl.dropit.fm\/?page_id=4230"},"modified":"2020-10-29T10:37:27","modified_gmt":"2020-10-29T10:37:27","slug":"dienstleistungen","status":"publish","type":"page","link":"https:\/\/hiedl.dropit.fm\/index.php\/dienstleistungen\/","title":{"rendered":"Dienstleistungen"},"content":{"rendered":"<p>[vc_row content_width=&#8220;grid&#8220; css=&#8220;.vc_custom_1603805192641{padding-top: 105px !important;background-color: #ffffff !important;}&#8220;][vc_column]<div class=\"mkd-section-title-holder\">\n\t<h2 class=\"mkd-section-title\" style=\"text-align: center\">\n\tUnser Plus ist Ihr Vorteil - H\u00f6rstudio Hiedl macht den Unterschied<\/h2>\n<\/div><div class=\"mkd-section-subtitle-holder mkd-section-subtitle-center\" style=\"width: 80%\">\n\t<p style=\"text-align: center;\" class=\"mkd-section-subtitle\">So individuell wie der Mensch \u2013 so unterschiedlich ist auch das Geh\u00f6r und damit verbunden die Anforderung an ein H\u00f6rger\u00e4t im Alltag. In unserem H\u00f6rstudio in M\u00f6dling nehmen wir uns f\u00fcr fachkompetente und ausf\u00fchrliche Beratung die Zeit, die der Kunde braucht. Wir h\u00f6ren dabei nicht nur mit einem Ohr zu, sondern konzentrieren uns voll und ganz auf die W\u00fcnsche und Anspr\u00fcche an ein H\u00f6rger\u00e4t. F\u00fcr den lebenswerten Alltag unserer Kunden stellen wir uns auf jedes Beratungsgespr\u00e4ch individuell ein. Als ausgebildete H\u00f6rger\u00e4te-Akustiker-Meister besprechen die Vor- und Nachteile der unterschiedlichen H\u00f6rsysteme und holen f\u00fcr jeden Kunden die optimale L\u00f6sung heraus.<\/p>\n<\/div>[vc_empty_space height=&#8220;55px&#8220;][\/vc_column][\/vc_row][vc_row content_width=&#8220;grid&#8220; content_aligment=&#8220;right&#8220;][vc_column][vc_empty_space height=&#8220;55px&#8220;]<div class=\"mkd-section-title-holder\">\n\t<h2 class=\"mkd-section-title\" style=\"text-align: center\">\n\tDie Dienstleistungen im \u00dcberblick<\/h2>\n<\/div><div class=\"mkd-section-subtitle-holder mkd-section-subtitle-center\" style=\"width: 80%\">\n\t<p style=\"text-align: center;\" class=\"mkd-section-subtitle\">Bis \u00fcber beide Ohren f\u00fcr unsere Kunden da - DIREKTVERRECHNUNG mit allen Krankenkassen<\/p>\n<\/div>[vc_empty_space height=&#8220;55px&#8220;][\/vc_column][vc_column width=&#8220;1\/3&#8243;]<div  class=\"mkd-icon-list-item mkd-icon-list-item-default-font-family\">\n\t<div class=\"mkd-icon-list-icon-holder\">\n\t\t<div class=\"mkd-icon-list-icon-holder-inner clearfix\">\n\t\t\t<i class=\"mkd-icon-font-awesome fa fa-arrow-circle-o-right \" style=\"\" ><\/i>\t\t<\/div>\n\t<\/div>\n\t<p class=\"mkd-icon-list-text\"  > Kostenlose Beratung<\/p>\n<\/div><div  class=\"mkd-icon-list-item mkd-icon-list-item-default-font-family\">\n\t<div class=\"mkd-icon-list-icon-holder\">\n\t\t<div class=\"mkd-icon-list-icon-holder-inner clearfix\">\n\t\t\t<i class=\"mkd-icon-font-awesome fa fa-arrow-circle-o-right \" style=\"\" ><\/i>\t\t<\/div>\n\t<\/div>\n\t<p class=\"mkd-icon-list-text\"  > Video-Otoskopie<\/p>\n<\/div><div  class=\"mkd-icon-list-item mkd-icon-list-item-default-font-family\">\n\t<div class=\"mkd-icon-list-icon-holder\">\n\t\t<div class=\"mkd-icon-list-icon-holder-inner clearfix\">\n\t\t\t<i class=\"mkd-icon-font-awesome fa fa-arrow-circle-o-right \" style=\"\" ><\/i>\t\t<\/div>\n\t<\/div>\n\t<p class=\"mkd-icon-list-text\"  > Zubeh\u00f6r f\u00fcr Ihr H\u00f6rsystem<\/p>\n<\/div>[\/vc_column][vc_column width=&#8220;1\/3&#8243;]<div  class=\"mkd-icon-list-item mkd-icon-list-item-default-font-family\">\n\t<div class=\"mkd-icon-list-icon-holder\">\n\t\t<div class=\"mkd-icon-list-icon-holder-inner clearfix\">\n\t\t\t<i class=\"mkd-icon-font-awesome fa fa-arrow-circle-o-right \" style=\"\" ><\/i>\t\t<\/div>\n\t<\/div>\n\t<p class=\"mkd-icon-list-text\"  > H\u00f6rmessungen<\/p>\n<\/div><div  class=\"mkd-icon-list-item mkd-icon-list-item-default-font-family\">\n\t<div class=\"mkd-icon-list-icon-holder\">\n\t\t<div class=\"mkd-icon-list-icon-holder-inner clearfix\">\n\t\t\t<i class=\"mkd-icon-font-awesome fa fa-arrow-circle-o-right \" style=\"\" ><\/i>\t\t<\/div>\n\t<\/div>\n\t<p class=\"mkd-icon-list-text\"  > H\u00f6rger\u00e4te f\u00fchrender Marken-Hersteller<\/p>\n<\/div><div  class=\"mkd-icon-list-item mkd-icon-list-item-default-font-family\">\n\t<div class=\"mkd-icon-list-icon-holder\">\n\t\t<div class=\"mkd-icon-list-icon-holder-inner clearfix\">\n\t\t\t<i class=\"mkd-icon-font-awesome fa fa-arrow-circle-o-right \" style=\"\" ><\/i>\t\t<\/div>\n\t<\/div>\n\t<p class=\"mkd-icon-list-text\"  > Reinigung- &amp; Pflegeprodukte f\u00fcr Ihr H\u00f6rger\u00e4t<\/p>\n<\/div>[\/vc_column][vc_column width=&#8220;1\/3&#8243;]<div  class=\"mkd-icon-list-item mkd-icon-list-item-default-font-family\">\n\t<div class=\"mkd-icon-list-icon-holder\">\n\t\t<div class=\"mkd-icon-list-icon-holder-inner clearfix\">\n\t\t\t<i class=\"mkd-icon-font-awesome fa fa-arrow-circle-o-right \" style=\"\" ><\/i>\t\t<\/div>\n\t<\/div>\n\t<p class=\"mkd-icon-list-text\"  > H\u00f6rverlustsimulator<\/p>\n<\/div><div  class=\"mkd-icon-list-item mkd-icon-list-item-default-font-family\">\n\t<div class=\"mkd-icon-list-icon-holder\">\n\t\t<div class=\"mkd-icon-list-icon-holder-inner clearfix\">\n\t\t\t<i class=\"mkd-icon-font-awesome fa fa-arrow-circle-o-right \" style=\"\" ><\/i>\t\t<\/div>\n\t<\/div>\n\t<p class=\"mkd-icon-list-text\"  > Geh\u00f6rschutz<\/p>\n<\/div><div  class=\"mkd-icon-list-item mkd-icon-list-item-default-font-family\">\n\t<div class=\"mkd-icon-list-icon-holder\">\n\t\t<div class=\"mkd-icon-list-icon-holder-inner clearfix\">\n\t\t\t<i class=\"mkd-icon-font-awesome fa fa-arrow-circle-o-right \" style=\"\" ><\/i>\t\t<\/div>\n\t<\/div>\n\t<p class=\"mkd-icon-list-text\"  > Reparatur aller H\u00f6rger\u00e4te-Marken<\/p>\n<\/div>[\/vc_column][\/vc_row][vc_row][vc_column][vc_empty_space height=&#8220;55px&#8220;]<div class=\"mkd-elements-holder mkd-two-columns mkd-responsive-mode-768\" ><div class=\"mkd-elements-holder-item mkd-horizontal-alignment-left\"  style=\"background-image: url(https:\/\/hiedl.dropit.fm\/wp-content\/uploads\/2020\/10\/iStock-985983600.jpg)\">\n\t<div class=\"mkd-elements-holder-item-inner\">\n\t\t<div class=\"mkd-elements-holder-item-content mkd-elements-holder-custom-397521\" style=\"padding: 590px 0 0 0\">\n\t\t\t\t\t\t\t<style type=\"text\/css\" data-type=\"mkd-elements-custom-padding\" scoped>\n\t\t\t\t\t\t\t\t\t\t\t\t\t\t\t@media only screen and (min-width: 1024px) and (max-width: 1280px) {\n\t\t\t\t\t\t.mkd-elements-holder .mkd-elements-holder-item-content.mkd-elements-holder-custom-397521 {\n\t\t\t\t\t\t\tpadding: 575px 0 0 0 !important;\n\t\t\t\t\t\t}\n\t\t\t\t\t}\n\n\t\t\t\t\t\t\t\t\t\t\t\t\t\t\t\t\t\t\t\t@media only screen and (min-width: 600px) and (max-width: 768px) {\n\t\t\t\t\t\t.mkd-elements-holder .mkd-elements-holder-item-content.mkd-elements-holder-custom-397521 {\n\t\t\t\t\t\t\tpadding: 478px 0 0 0 !important;\n\t\t\t\t\t\t}\n\t\t\t\t\t}\n\n\t\t\t\t\t\t\t\t\t\t\t\t\t\t\t\t\t\t\t<\/style>\n\t\t\t\t\t\t\t\t<\/div>\n\t<\/div>\n<\/div><div class=\"mkd-elements-holder-item mkd-horizontal-alignment-left\"  >\n\t<div class=\"mkd-elements-holder-item-inner\">\n\t\t<div class=\"mkd-elements-holder-item-content mkd-elements-holder-custom-499630\" style=\"padding: 0% 20% 0% 10%\">\n\t\t\t\t\t\t\t<style type=\"text\/css\" data-type=\"mkd-elements-custom-padding\" scoped>\n\t\t\t\t\t\t\t\t\t\t\t\t\t\t\t@media only screen and (min-width: 1024px) and (max-width: 1280px) {\n\t\t\t\t\t\t.mkd-elements-holder .mkd-elements-holder-item-content.mkd-elements-holder-custom-499630 {\n\t\t\t\t\t\t\tpadding: 0% 10% 0% 10% !important;\n\t\t\t\t\t\t}\n\t\t\t\t\t}\n\n\t\t\t\t\t\t\t\t\t\t\t\t\t\t\t\t\t\t\t\t@media only screen and (min-width: 600px) and (max-width: 768px) {\n\t\t\t\t\t\t.mkd-elements-holder .mkd-elements-holder-item-content.mkd-elements-holder-custom-499630 {\n\t\t\t\t\t\t\tpadding: 12% 10% 12% 10% !important;\n\t\t\t\t\t\t}\n\t\t\t\t\t}\n\n\t\t\t\t\t\t\t\t\t\t\t\t\t\t\t@media only screen and (min-width: 480px) and (max-width: 600px) {\n\t\t\t\t\t\t.mkd-elements-holder .mkd-elements-holder-item-content.mkd-elements-holder-custom-499630 {\n\t\t\t\t\t\t\tpadding: 23% 10% 23% 10% !important;\n\t\t\t\t\t\t}\n\t\t\t\t\t}\n\n\t\t\t\t\t\t\t\t\t\t\t\t\t\t\t@media only screen and (max-width: 480px) {\n\t\t\t\t\t\t.mkd-elements-holder .mkd-elements-holder-item-content.mkd-elements-holder-custom-499630 {\n\t\t\t\t\t\t\tpadding: 23% 10% 23% 10% !important;\n\t\t\t\t\t\t}\n\t\t\t\t\t}\n\n\t\t\t\t\t\t\t\t\t<\/style>\n\t\t\t\t\t\t<div class=\"mkd-section-title-holder\">\n\t<h2 class=\"mkd-section-title\" >\n\tH\u00f6rt sich richtig gut an!<\/h2>\n<\/div><div class=\"mkd-section-subtitle-holder mkd-section-subtitle-left\" >\n\t<p style=\"text-align: left;;text-transform: uppercase;\" class=\"mkd-section-subtitle\">Die pers\u00f6nliche Betreuung unserer Kunden liegt uns sehr am Herzen.<\/p>\n<\/div>[vc_empty_space height=&#8220;11px&#8220;][vc_column_text]Bei jedem Batterietausch \u00fcberpr\u00fcfen wir kostenlos Ihr H\u00f6rger\u00e4t. Durch die engmaschige Kontrolle k\u00f6nnen kleine Fehler fr\u00fchzeitig behoben und die Lebensdauer des Ger\u00e4ts verl\u00e4ngert werden.<\/p>\n<p>Zu jedem Kauf eines H\u00f6rsystems schenken wir Ihnen ein Startset f\u00fcr die optimale Reinigung und Pflege.<\/p>\n<p>Alle drei Monate erhalten Sie im H\u00f6rstudio Hiedl ein Service mit Komplettreinigung Ihres H\u00f6rsystems \u2013 nat\u00fcrlich <b>v\u00f6llig kostenlos!<\/b><\/p>\n<p>Ihre Familie Hiedl[\/vc_column_text][vc_empty_space height=&#8220;35px&#8220;][vc_single_image image=&#8220;4254&#8243;][vc_empty_space height=&#8220;13px&#8220;]\t\t<\/div>\n\t<\/div>\n<\/div><\/div>[\/vc_column][\/vc_row][vc_row content_width=&#8220;grid&#8220; css=&#8220;.vc_custom_1469172777537{padding-top: 97px !important;padding-bottom: 65px !important;background-color: #ffffff !important;}&#8220;][vc_column][vc_row_inner][vc_column_inner offset=&#8220;vc_col-lg-6 vc_col-md-12&#8243;][vc_empty_space height=&#8220;15px&#8220;]<div class=\"mkd-booking-form mkd-bf-layout-vertical light \" data-depts-doctors=\"{&quot;Akustik Meister&quot;:[&quot;Beate Hiedl&quot;,&quot;Norbert Hiedl&quot;],&quot;EDV Techniker&quot;:[&quot;Marc Hiedl&quot;]}\">\n\n\t\n\t<div class=\"mkd-booking-form-inner \">\n\n\t\t\t\t<div class=\"mkd-bf-motto\"><h4>Wir sind f\u00fcr Sie da.<\/h4><\/div>\n\t\t\n\t\t\t\t<div class=\"mkd-bf-title\"><h2>Termin anfragen<\/h2><\/div>\n\t\t\n\t\t<div class=\"mkd-bf-form-fields mkd-bf-columns-2\">\n\t\t\t<form method=\"POST\">\n\n\t\t\t\t<div class=\"mkd-bf-form-item mkd-bf-narrow\">\n\t\t\t\t\t<select class=\"mkd-bf-select-field mkd-bf-select-department\" name=\"mkd-booking-department\">\n\t\t\t\t\t\t<option value=\"\">Bereich w\u00e4hlen<\/option>\n\t\t\t\t\t\t\t\t\t\t\t\t<option value=\"Akustik Meister\">Akustik Meister<\/option>\n\t\t\t\t\t\t\t\t\t\t\t\t<option value=\"EDV Techniker\">EDV Techniker<\/option>\n\t\t\t\t\t\t\t\t\t\t\t<\/select>\n\t\t\t\t<\/div>\n\n\t\t\t\t<div class=\"mkd-bf-form-item mkd-bf-narrow\">\n\t\t\t\t\t<select class=\"mkd-bf-select-field mkd-bf-select-doctor\" name=\"mkd-booking-doctor\">\n\t\t\t\t\t\t<option value=\"\">Person w\u00e4hlen<\/option>\n\t\t\t\t\t<\/select>\n\t\t\t\t<\/div>\n\n                <div class=\"mkd-bf-form-item mkd-bf-name mkd-bf-narrow\">\n                    <input type=\"text\" class=\"mkd-bf-input-name\" name=\"mkd-booking-name\" placeholder=\"Vor- Nachname\">\n                <\/div>\n\n                <div class=\"mkd-bf-form-item mkd-bf-contact mkd-bf-narrow\">\n                    <input type=\"text\" class=\"mkd-bf-input-contact\" name=\"mkd-booking-contact\" placeholder=\"Telefonnummer\">\n                <\/div>\n\n\t\t\t\t<div class=\"mkd-bf-form-item mkd-date mkd-bf-narrow\">\n\t\t\t\t\t<input type=\"text\" class=\"mkd-bf-input-date\" name=\"mkd-booking-date\" placeholder=\"Datum\">\n\t\t\t\t\t<div class=\"mkd-bf-field-icon-holder\"><\/div>\n\t\t\t\t<\/div>\n\n\t\t\t\t<div class=\"mkd-bf-form-item mkd-time mkd-bf-narrow\">\n\t\t\t\t\t<input type=\"text\" class=\"mkd-bf-input-time\" name=\"mkd-booking-time\" placeholder=\"Zeit\">\n\t\t\t\t\t<div class=\"mkd-bf-field-icon-holder\"><\/div>\n\t\t\t\t<\/div>\n\n\t\t\t\t\t\t\t\t<div class=\"mkd-bf-form-item mkd-bf-wide\">\n\t\t\t\t\t<textarea class=\"mkd-bf-input-request\" name=\"mkd-booking-request\" placeholder=\"Ihr Anliegen...\"><\/textarea>\n\t\t\t\t<\/div>\n\t\t\t\t\n\t\t\t\t<span class=\"nonce\"><input type=\"hidden\" id=\"mkd_nonce_booking_form_2035826067\" name=\"mkd_nonce_booking_form_2035826067\" value=\"b471cb6dfa\" \/><input type=\"hidden\" name=\"_wp_http_referer\" value=\"\/index.php\/wp-json\/wp\/v2\/pages\/4230\" \/><\/span>\n\t\t\t\t<script type=\"application\/javascript\">if (typeof MikadoAjaxUrl === \"undefined\") {var MikadoAjaxUrl = \"https:\/\/hiedl.dropit.fm\/wp-admin\/admin-ajax.php\"; }<\/script>\n\t\t\t\t\t\t\t\t<div class=\"mkd-bf-form-response-holder\"><\/div>\n\t\t\t\t\n\t\t\t\t<div class=\"mkd-bf-form-button\">\n\t\t\t\t\t<input type=\"submit\" name=\"mkd-booking-submit\" value=\"Termin erfragen\"  class=\"mkd-btn mkd-btn-small mkd-btn-solid mkd-btn-hover-outline\"  data-sending-label=\"Sending...\" \/>\t\t\t\t<\/div>\n\n\t\t\t\t\n\t\t\t<\/form>\n\t\t<\/div>\n\n\t<\/div>\n<\/div>[vc_empty_space height=&#8220;50px&#8220;][\/vc_column_inner][vc_column_inner offset=&#8220;vc_col-lg-6 vc_col-md-12&#8243;][vc_column_text]<\/p>\n<h3>Kunden Feedback<\/h3>\n<p>[\/vc_column_text][vc_empty_space height=&#8220;5px&#8220;]<div class=\"mkd-testimonials-holder clearfix dark\"><div class=\"mkd-testimonials testimonials-grid\"><div class=\"mkd-testimonials-holder-inner\">\n\t<div id=\"mkd-testimonials961\" class=\"mkd-testimonial-content testimonials-grid mkd-one-column\">\n\t\t<div class=\"mkd-testimonial-quote-sign \"><span class=\"icon_quotations\"><\/span><\/div>\n\t\t<div class=\"mkd-testimonial-text-inner \">\n\t\t\t<p class=\"mkd-testimonial-text \">Sehr gute Betreuung. Schnelle Terminvereinbarung, und  immer mit Hilfestellungen<\/p>\n\t\t\t\t\t\t\t<div class=\"mkd-testimonial-author\">\n\t\t\t\t\t\t\t\t\t\t\t<div class=\"mkd-testimonial-image-holder\">\n\t\t\t\t\t\t\t<img width=\"240\" height=\"238\" src=\"https:\/\/hiedl.dropit.fm\/wp-content\/uploads\/2016\/06\/testimonial_wilhelm.png\" class=\"attachment-961 size-961 wp-post-image\" alt=\"\" loading=\"lazy\" srcset=\"https:\/\/hiedl.dropit.fm\/wp-content\/uploads\/2016\/06\/testimonial_wilhelm.png 240w, https:\/\/hiedl.dropit.fm\/wp-content\/uploads\/2016\/06\/testimonial_wilhelm-150x150.png 150w, https:\/\/hiedl.dropit.fm\/wp-content\/uploads\/2016\/06\/testimonial_wilhelm-100x100.png 100w\" sizes=\"(max-width: 240px) 100vw, 240px\" \/>\t\t\t\t\t\t<\/div>\n\t\t\t\t\t\t\t\t\t\t<h6 class=\"mkd-testimonial-author-text \">Wilhelm<\/h6>\n\t\t\t\t\t\t\t\t\t\t\t<h6 class=\"mkd-testimonials-job \">Pensionist<\/h6>\n\t\t\t\t\t\n\t\t\t\t<\/div>\n\t\t\t\t\t<\/div>\n\n\t<\/div>\n<\/div>\n<div class=\"mkd-testimonials-holder-inner\">\n\t<div id=\"mkd-testimonials958\" class=\"mkd-testimonial-content testimonials-grid mkd-one-column\">\n\t\t<div class=\"mkd-testimonial-quote-sign \"><span class=\"icon_quotations\"><\/span><\/div>\n\t\t<div class=\"mkd-testimonial-text-inner \">\n\t\t\t<p class=\"mkd-testimonial-text \">Alles O.K. - Super zufrieden und einwandfreier Service, seit 6 Jahren Kunde mit vollster Zufriedenheit<\/p>\n\t\t\t\t\t\t\t<div class=\"mkd-testimonial-author\">\n\t\t\t\t\t\t\t\t\t\t\t<div class=\"mkd-testimonial-image-holder\">\n\t\t\t\t\t\t\t<img width=\"240\" height=\"238\" src=\"https:\/\/hiedl.dropit.fm\/wp-content\/uploads\/2016\/06\/testimonial_silvia.png\" class=\"attachment-958 size-958 wp-post-image\" alt=\"\" loading=\"lazy\" srcset=\"https:\/\/hiedl.dropit.fm\/wp-content\/uploads\/2016\/06\/testimonial_silvia.png 240w, https:\/\/hiedl.dropit.fm\/wp-content\/uploads\/2016\/06\/testimonial_silvia-150x150.png 150w, https:\/\/hiedl.dropit.fm\/wp-content\/uploads\/2016\/06\/testimonial_silvia-100x100.png 100w\" sizes=\"(max-width: 240px) 100vw, 240px\" \/>\t\t\t\t\t\t<\/div>\n\t\t\t\t\t\t\t\t\t\t<h6 class=\"mkd-testimonial-author-text \">Silvia<\/h6>\n\t\t\t\t\t\t\t\t\t\t\t<h6 class=\"mkd-testimonials-job \">Operation Manager<\/h6>\n\t\t\t\t\t\n\t\t\t\t<\/div>\n\t\t\t\t\t<\/div>\n\n\t<\/div>\n<\/div>\n<\/div><\/div>[vc_empty_space height=&#8220;50px&#8220;][\/vc_column_inner][\/vc_row_inner][\/vc_column][\/vc_row]<\/p>\n","protected":false},"excerpt":{"rendered":"<p>[vc_row content_width=&#8220;grid&#8220; css=&#8220;.vc_custom_1603805192641{padding-top: 105px !important;background-color: #ffffff !important;}&#8220;][vc_column][vc_empty_space height=&#8220;55px&#8220;][\/vc_column][\/vc_row][vc_row content_width=&#8220;grid&#8220; content_aligment=&#8220;right&#8220;][vc_column][vc_empty_space height=&#8220;55px&#8220;][vc_empty_space height=&#8220;55px&#8220;][\/vc_column][vc_column width=&#8220;1\/3&#8243;][\/vc_column][vc_column width=&#8220;1\/3&#8243;][\/vc_column][vc_column width=&#8220;1\/3&#8243;][\/vc_column][\/vc_row][vc_row][vc_column][vc_empty_space height=&#8220;55px&#8220;][\/vc_column][\/vc_row][vc_row content_width=&#8220;grid&#8220; css=&#8220;.vc_custom_1469172777537{padding-top: 97px !important;padding-bottom: 65px !important;background-color: #ffffff !important;}&#8220;][vc_column][vc_row_inner][vc_column_inner offset=&#8220;vc_col-lg-6 vc_col-md-12&#8243;][vc_empty_space height=&#8220;15px&#8220;][vc_empty_space height=&#8220;50px&#8220;][\/vc_column_inner][vc_column_inner offset=&#8220;vc_col-lg-6 vc_col-md-12&#8243;][vc_column_text] Kunden Feedback [\/vc_column_text][vc_empty_space height=&#8220;5px&#8220;][vc_empty_space height=&#8220;50px&#8220;][\/vc_column_inner][\/vc_row_inner][\/vc_column][\/vc_row]<\/p>\n","protected":false},"author":1,"featured_media":4064,"parent":0,"menu_order":0,"comment_status":"closed","ping_status":"closed","template":"full-width.php","meta":[],"_links":{"self":[{"href":"https:\/\/hiedl.dropit.fm\/index.php\/wp-json\/wp\/v2\/pages\/4230"}],"collection":[{"href":"https:\/\/hiedl.dropit.fm\/index.php\/wp-json\/wp\/v2\/pages"}],"about":[{"href":"https:\/\/hiedl.dropit.fm\/index.php\/wp-json\/wp\/v2\/types\/page"}],"author":[{"embeddable":true,"href":"https:\/\/hiedl.dropit.fm\/index.php\/wp-json\/wp\/v2\/users\/1"}],"replies":[{"embeddable":true,"href":"https:\/\/hiedl.dropit.fm\/index.php\/wp-json\/wp\/v2\/comments?post=4230"}],"version-history":[{"count":26,"href":"https:\/\/hiedl.dropit.fm\/index.php\/wp-json\/wp\/v2\/pages\/4230\/revisions"}],"predecessor-version":[{"id":4260,"href":"https:\/\/hiedl.dropit.fm\/index.php\/wp-json\/wp\/v2\/pages\/4230\/revisions\/4260"}],"wp:featuredmedia":[{"embeddable":true,"href":"https:\/\/hiedl.dropit.fm\/index.php\/wp-json\/wp\/v2\/media\/4064"}],"wp:attachment":[{"href":"https:\/\/hiedl.dropit.fm\/index.php\/wp-json\/wp\/v2\/media?parent=4230"}],"curies":[{"name":"wp","href":"https:\/\/api.w.org\/{rel}","templated":true}]}}