{"id":4261,"date":"2020-10-28T14:09:02","date_gmt":"2020-10-28T14:09:02","guid":{"rendered":"https:\/\/hiedl.dropit.fm\/?page_id=4261"},"modified":"2020-11-09T10:18:04","modified_gmt":"2020-11-09T10:18:04","slug":"zubehoer","status":"publish","type":"page","link":"https:\/\/hiedl.dropit.fm\/index.php\/zubehoer\/","title":{"rendered":"Zubeh\u00f6r &#038; Reinigung"},"content":{"rendered":"<p>[vc_row content_width=&#8220;grid&#8220; css=&#8220;.vc_custom_1603181862883{padding-top: 105px !important;background-color: #ffffff !important;}&#8220;][vc_column]<div class=\"mkd-section-title-holder\">\n\t<h2 class=\"mkd-section-title\" style=\"text-align: center\">\n\tReinigung und Hygiene von H\u00f6rger\u00e4ten<\/h2>\n<\/div><div class=\"mkd-section-subtitle-holder mkd-section-subtitle-center\" style=\"width: 80%\">\n\t<p style=\"text-align: center;\" class=\"mkd-section-subtitle\">Mit dem Kauf eines H\u00f6rger\u00e4ts f\u00e4ngt beim H\u00f6rstudio Hiedl der Service so richtig an: Zu jedem H\u00f6rsystem erhalten Sie ein Reinigungs-Set gratis dazu. Alle drei Monate f\u00fchren wir ein Service mit Komplettreinigung durch \u2013 selbstverst\u00e4ndlich zum Nulltarif. Die Reinigung und Hygiene ist das A und O bei Ihrem H\u00f6rger\u00e4t. Um die Lebensdauer m\u00f6glichst lange zu erhalten, haben wir folgende Tipps:<\/p>\n<\/div>[vc_row_inner css=&#8220;.vc_custom_1466596905899{padding-top: 87px !important;padding-bottom: 62px !important;}&#8220;][vc_column_inner css=&#8220;.vc_custom_1466669100731{padding-right: 18% !important;}&#8220; offset=&#8220;vc_col-lg-4 vc_col-md-4&#8243;]<div class=\"mkd-iwt clearfix mkd-iwt-icon-top mkd-iwt-icon-tiny\" style=\"text-align: left;\">\n\t<div class=\"mkd-iwt-icon-holder\">\n\t\t\t\t\t<span class=\"mkd-iwt-custom-icon\" ><img width=\"76\" height=\"76\" src=\"https:\/\/hiedl.dropit.fm\/wp-content\/uploads\/2020\/10\/Icon_09.png\" class=\"attachment-full size-full\" alt=\"\" loading=\"lazy\" \/><\/span>\n\t\t\t<\/div>\n\t<div class=\"mkd-iwt-content-holder\" >\n\t\t<div class=\"mkd-iwt-title-holder\">\n\t\t\t<h5 >Desinfektion<\/h5>\n\t<\/div>\n\t<div class=\"mkd-iwt-text-holder\">\n\t\t<p >Desinfizieren Sie Ihr H\u00f6rger\u00e4t t\u00e4glich mit speziellen Reinigungst\u00fcchern.<\/p>\n\n\t\t\t<\/div>\n<\/div>\n<\/div>[vc_empty_space height=&#8220;35px&#8220;][\/vc_column_inner][vc_column_inner css=&#8220;.vc_custom_1466669114072{padding-right: 18% !important;}&#8220; offset=&#8220;vc_col-lg-4 vc_col-md-4&#8243;]<div class=\"mkd-iwt clearfix mkd-iwt-icon-top mkd-iwt-icon-tiny\" style=\"text-align: left;\">\n\t<div class=\"mkd-iwt-icon-holder\">\n\t\t\t\t\t<span class=\"mkd-iwt-custom-icon\" ><img width=\"76\" height=\"76\" src=\"https:\/\/hiedl.dropit.fm\/wp-content\/uploads\/2020\/10\/Icon_12.png\" class=\"attachment-full size-full\" alt=\"\" loading=\"lazy\" \/><\/span>\n\t\t\t<\/div>\n\t<div class=\"mkd-iwt-content-holder\" >\n\t\t<div class=\"mkd-iwt-title-holder\">\n\t\t\t<h5 >Hygienetabletten<\/h5>\n\t<\/div>\n\t<div class=\"mkd-iwt-text-holder\">\n\t\t<p >G\u00f6nnen Sie dem Ohrpass-St\u00fcck 1x pro Woche eine Tiefenreinigung mit Hygienetabletten.<\/p>\n\n\t\t\t<\/div>\n<\/div>\n<\/div>[vc_empty_space height=&#8220;35px&#8220;][\/vc_column_inner][vc_column_inner css=&#8220;.vc_custom_1466669121754{padding-right: 18% !important;}&#8220; offset=&#8220;vc_col-lg-4 vc_col-md-4&#8243;]<div class=\"mkd-iwt clearfix mkd-iwt-icon-top mkd-iwt-icon-tiny\" style=\"text-align: left;\">\n\t<div class=\"mkd-iwt-icon-holder\">\n\t\t\t\t\t<span class=\"mkd-iwt-custom-icon\" ><img width=\"76\" height=\"76\" src=\"https:\/\/hiedl.dropit.fm\/wp-content\/uploads\/2020\/10\/Icon_11.png\" class=\"attachment-full size-full\" alt=\"\" loading=\"lazy\" \/><\/span>\n\t\t\t<\/div>\n\t<div class=\"mkd-iwt-content-holder\" >\n\t\t<div class=\"mkd-iwt-title-holder\">\n\t\t\t<h5 >Dry-Box<\/h5>\n\t<\/div>\n\t<div class=\"mkd-iwt-text-holder\">\n\t\t<p >Trocknen Sie Ihr H\u00f6rger\u00e4t t\u00e4glich mit der Trockenkapsel oder einer elektrischen Dry-Box.<\/p>\n\n\t\t\t<\/div>\n<\/div>\n<\/div>[vc_empty_space height=&#8220;35px&#8220;][\/vc_column_inner][\/vc_row_inner][\/vc_column][\/vc_row][vc_row content_width=&#8220;grid&#8220; content_aligment=&#8220;right&#8220;][vc_column][vc_empty_space height=&#8220;55px&#8220;]<div class=\"mkd-section-title-holder\">\n\t<h2 class=\"mkd-section-title\" style=\"text-align: center\">\n\tZubeh\u00f6r im H\u00f6rstudio Hiedl<\/h2>\n<\/div><div class=\"mkd-section-subtitle-holder mkd-section-subtitle-center\" style=\"width: 80%\">\n\t<p style=\"text-align: center;\" class=\"mkd-section-subtitle\">Neben der individuellen Anpassung von H\u00f6rger\u00e4ten erhalten Sie in unserem H\u00f6rstudio nat\u00fcrlich auch alles, was das Ohr begehrt. Moderne H\u00f6rger\u00e4te k\u00f6nnen mittels Funktechnologie mit dem Mobiltelefon kabellos verbunden werden und dienen so als Freisprecheinrichtung.<\/p>\n<\/div>[vc_empty_space height=&#8220;55px&#8220;][\/vc_column][vc_column width=&#8220;1\/3&#8243;]<div  class=\"mkd-icon-list-item mkd-icon-list-item-default-font-family\">\n\t<div class=\"mkd-icon-list-icon-holder\">\n\t\t<div class=\"mkd-icon-list-icon-holder-inner clearfix\">\n\t\t\t<i class=\"mkd-icon-font-awesome fa fa-arrow-circle-o-right \" style=\"\" ><\/i>\t\t<\/div>\n\t<\/div>\n\t<p class=\"mkd-icon-list-text\"  > Markenbatterien<\/p>\n<\/div><div  class=\"mkd-icon-list-item mkd-icon-list-item-default-font-family\">\n\t<div class=\"mkd-icon-list-icon-holder\">\n\t\t<div class=\"mkd-icon-list-icon-holder-inner clearfix\">\n\t\t\t<i class=\"mkd-icon-font-awesome fa fa-arrow-circle-o-right \" style=\"\" ><\/i>\t\t<\/div>\n\t<\/div>\n\t<p class=\"mkd-icon-list-text\"  > Akku-Ladestation<\/p>\n<\/div><div  class=\"mkd-icon-list-item mkd-icon-list-item-default-font-family\">\n\t<div class=\"mkd-icon-list-icon-holder\">\n\t\t<div class=\"mkd-icon-list-icon-holder-inner clearfix\">\n\t\t\t<i class=\"mkd-icon-font-awesome fa fa-arrow-circle-o-right \" style=\"\" ><\/i>\t\t<\/div>\n\t<\/div>\n\t<p class=\"mkd-icon-list-text\"  > Kommunikationsschnittstellen<\/p>\n<\/div><div  class=\"mkd-icon-list-item mkd-icon-list-item-default-font-family\">\n\t<div class=\"mkd-icon-list-icon-holder\">\n\t\t<div class=\"mkd-icon-list-icon-holder-inner clearfix\">\n\t\t\t<i class=\"mkd-icon-font-awesome fa fa-arrow-circle-o-right \" style=\"\" ><\/i>\t\t<\/div>\n\t<\/div>\n\t<p class=\"mkd-icon-list-text\"  > Reinigungs- und Pflegesysteme<\/p>\n<\/div>[\/vc_column][vc_column width=&#8220;1\/3&#8243;]<div  class=\"mkd-icon-list-item mkd-icon-list-item-default-font-family\">\n\t<div class=\"mkd-icon-list-icon-holder\">\n\t\t<div class=\"mkd-icon-list-icon-holder-inner clearfix\">\n\t\t\t<i class=\"mkd-icon-font-awesome fa fa-arrow-circle-o-right \" style=\"\" ><\/i>\t\t<\/div>\n\t<\/div>\n\t<p class=\"mkd-icon-list-text\"  > Fernsteuerung f\u00fcr H\u00f6rsysteme<\/p>\n<\/div><div  class=\"mkd-icon-list-item mkd-icon-list-item-default-font-family\">\n\t<div class=\"mkd-icon-list-icon-holder\">\n\t\t<div class=\"mkd-icon-list-icon-holder-inner clearfix\">\n\t\t\t<i class=\"mkd-icon-font-awesome fa fa-arrow-circle-o-right \" style=\"\" ><\/i>\t\t<\/div>\n\t<\/div>\n\t<p class=\"mkd-icon-list-text\"  > Spezial-Kopfh\u00f6rer mit H\u00f6rverlust-Anpassung<\/p>\n<\/div><div  class=\"mkd-icon-list-item mkd-icon-list-item-default-font-family\">\n\t<div class=\"mkd-icon-list-icon-holder\">\n\t\t<div class=\"mkd-icon-list-icon-holder-inner clearfix\">\n\t\t\t<i class=\"mkd-icon-font-awesome fa fa-arrow-circle-o-right \" style=\"\" ><\/i>\t\t<\/div>\n\t<\/div>\n\t<p class=\"mkd-icon-list-text\"  > Wireless TV-Fernsehton ins Ohr<\/p>\n<\/div>[\/vc_column][vc_column width=&#8220;1\/3&#8243;]<div  class=\"mkd-icon-list-item mkd-icon-list-item-default-font-family\">\n\t<div class=\"mkd-icon-list-icon-holder\">\n\t\t<div class=\"mkd-icon-list-icon-holder-inner clearfix\">\n\t\t\t<i class=\"mkd-icon-font-awesome fa fa-arrow-circle-o-right \" style=\"\" ><\/i>\t\t<\/div>\n\t<\/div>\n\t<p class=\"mkd-icon-list-text\"  > Trockenkapseln<\/p>\n<\/div><div  class=\"mkd-icon-list-item mkd-icon-list-item-default-font-family\">\n\t<div class=\"mkd-icon-list-icon-holder\">\n\t\t<div class=\"mkd-icon-list-icon-holder-inner clearfix\">\n\t\t\t<i class=\"mkd-icon-font-awesome fa fa-arrow-circle-o-right \" style=\"\" ><\/i>\t\t<\/div>\n\t<\/div>\n\t<p class=\"mkd-icon-list-text\"  > Extralaute Spezialtelefone<\/p>\n<\/div><div  class=\"mkd-icon-list-item mkd-icon-list-item-default-font-family\">\n\t<div class=\"mkd-icon-list-icon-holder\">\n\t\t<div class=\"mkd-icon-list-icon-holder-inner clearfix\">\n\t\t\t<i class=\"mkd-icon-font-awesome fa fa-arrow-circle-o-right \" style=\"\" ><\/i>\t\t<\/div>\n\t<\/div>\n\t<p class=\"mkd-icon-list-text\"  > Wireless Telefonieren und Telefonadapter<\/p>\n<\/div>[\/vc_column][\/vc_row][vc_row content_width=&#8220;grid&#8220; css=&#8220;.vc_custom_1469172777537{padding-top: 97px !important;padding-bottom: 65px !important;background-color: #ffffff !important;}&#8220;][vc_column][vc_row_inner][vc_column_inner offset=&#8220;vc_col-lg-6 vc_col-md-12&#8243;][vc_empty_space height=&#8220;15px&#8220;]<div class=\"mkd-booking-form mkd-bf-layout-vertical light \" data-depts-doctors=\"{&quot;Akustik Meister&quot;:[&quot;Beate Hiedl&quot;,&quot;Norbert Hiedl&quot;],&quot;EDV Techniker&quot;:[&quot;Marc Hiedl&quot;]}\">\n\n\t\n\t<div class=\"mkd-booking-form-inner \">\n\n\t\t\t\t<div class=\"mkd-bf-motto\"><h4>Wir sind f\u00fcr Sie da.<\/h4><\/div>\n\t\t\n\t\t\t\t<div class=\"mkd-bf-title\"><h2>Termin anfragen<\/h2><\/div>\n\t\t\n\t\t<div class=\"mkd-bf-form-fields mkd-bf-columns-2\">\n\t\t\t<form method=\"POST\">\n\n\t\t\t\t<div class=\"mkd-bf-form-item mkd-bf-narrow\">\n\t\t\t\t\t<select class=\"mkd-bf-select-field mkd-bf-select-department\" name=\"mkd-booking-department\">\n\t\t\t\t\t\t<option value=\"\">Bereich w\u00e4hlen<\/option>\n\t\t\t\t\t\t\t\t\t\t\t\t<option value=\"Akustik Meister\">Akustik Meister<\/option>\n\t\t\t\t\t\t\t\t\t\t\t\t<option value=\"EDV Techniker\">EDV Techniker<\/option>\n\t\t\t\t\t\t\t\t\t\t\t<\/select>\n\t\t\t\t<\/div>\n\n\t\t\t\t<div class=\"mkd-bf-form-item mkd-bf-narrow\">\n\t\t\t\t\t<select class=\"mkd-bf-select-field mkd-bf-select-doctor\" name=\"mkd-booking-doctor\">\n\t\t\t\t\t\t<option value=\"\">Person w\u00e4hlen<\/option>\n\t\t\t\t\t<\/select>\n\t\t\t\t<\/div>\n\n                <div class=\"mkd-bf-form-item mkd-bf-name mkd-bf-narrow\">\n                    <input type=\"text\" class=\"mkd-bf-input-name\" name=\"mkd-booking-name\" placeholder=\"Vor- Nachname\">\n                <\/div>\n\n                <div class=\"mkd-bf-form-item mkd-bf-contact mkd-bf-narrow\">\n                    <input type=\"text\" class=\"mkd-bf-input-contact\" name=\"mkd-booking-contact\" placeholder=\"Telefonnummer\">\n                <\/div>\n\n\t\t\t\t<div class=\"mkd-bf-form-item mkd-date mkd-bf-narrow\">\n\t\t\t\t\t<input type=\"text\" class=\"mkd-bf-input-date\" name=\"mkd-booking-date\" placeholder=\"Datum\">\n\t\t\t\t\t<div class=\"mkd-bf-field-icon-holder\"><\/div>\n\t\t\t\t<\/div>\n\n\t\t\t\t<div class=\"mkd-bf-form-item mkd-time mkd-bf-narrow\">\n\t\t\t\t\t<input type=\"text\" class=\"mkd-bf-input-time\" name=\"mkd-booking-time\" placeholder=\"Zeit\">\n\t\t\t\t\t<div class=\"mkd-bf-field-icon-holder\"><\/div>\n\t\t\t\t<\/div>\n\n\t\t\t\t\t\t\t\t<div class=\"mkd-bf-form-item mkd-bf-wide\">\n\t\t\t\t\t<textarea class=\"mkd-bf-input-request\" name=\"mkd-booking-request\" placeholder=\"Ihr Anliegen...\"><\/textarea>\n\t\t\t\t<\/div>\n\t\t\t\t\n\t\t\t\t<span class=\"nonce\"><input type=\"hidden\" id=\"mkd_nonce_booking_form_777676943\" name=\"mkd_nonce_booking_form_777676943\" value=\"b471cb6dfa\" \/><input type=\"hidden\" name=\"_wp_http_referer\" value=\"\/index.php\/wp-json\/wp\/v2\/pages\/4261\" \/><\/span>\n\t\t\t\t<script type=\"application\/javascript\">if (typeof MikadoAjaxUrl === \"undefined\") {var MikadoAjaxUrl = \"https:\/\/hiedl.dropit.fm\/wp-admin\/admin-ajax.php\"; }<\/script>\n\t\t\t\t\t\t\t\t<div class=\"mkd-bf-form-response-holder\"><\/div>\n\t\t\t\t\n\t\t\t\t<div class=\"mkd-bf-form-button\">\n\t\t\t\t\t<input type=\"submit\" name=\"mkd-booking-submit\" value=\"Termin erfragen\"  class=\"mkd-btn mkd-btn-small mkd-btn-solid mkd-btn-hover-outline\"  data-sending-label=\"Sending...\" \/>\t\t\t\t<\/div>\n\n\t\t\t\t\n\t\t\t<\/form>\n\t\t<\/div>\n\n\t<\/div>\n<\/div>[vc_empty_space height=&#8220;50px&#8220;][\/vc_column_inner][vc_column_inner offset=&#8220;vc_col-lg-6 vc_col-md-12&#8243;][vc_column_text]<\/p>\n<h3>Kunden Feedback<\/h3>\n<p>[\/vc_column_text][vc_empty_space height=&#8220;5px&#8220;]<div class=\"mkd-testimonials-holder clearfix dark\"><div class=\"mkd-testimonials testimonials-grid\"><div class=\"mkd-testimonials-holder-inner\">\n\t<div id=\"mkd-testimonials961\" class=\"mkd-testimonial-content testimonials-grid mkd-one-column\">\n\t\t<div class=\"mkd-testimonial-quote-sign \"><span class=\"icon_quotations\"><\/span><\/div>\n\t\t<div class=\"mkd-testimonial-text-inner \">\n\t\t\t<p class=\"mkd-testimonial-text \">Sehr gute Betreuung. Schnelle Terminvereinbarung, und  immer mit Hilfestellungen<\/p>\n\t\t\t\t\t\t\t<div class=\"mkd-testimonial-author\">\n\t\t\t\t\t\t\t\t\t\t\t<div class=\"mkd-testimonial-image-holder\">\n\t\t\t\t\t\t\t<img width=\"240\" height=\"238\" src=\"https:\/\/hiedl.dropit.fm\/wp-content\/uploads\/2016\/06\/testimonial_wilhelm.png\" class=\"attachment-961 size-961 wp-post-image\" alt=\"\" loading=\"lazy\" srcset=\"https:\/\/hiedl.dropit.fm\/wp-content\/uploads\/2016\/06\/testimonial_wilhelm.png 240w, https:\/\/hiedl.dropit.fm\/wp-content\/uploads\/2016\/06\/testimonial_wilhelm-150x150.png 150w, https:\/\/hiedl.dropit.fm\/wp-content\/uploads\/2016\/06\/testimonial_wilhelm-100x100.png 100w\" sizes=\"(max-width: 240px) 100vw, 240px\" \/>\t\t\t\t\t\t<\/div>\n\t\t\t\t\t\t\t\t\t\t<h6 class=\"mkd-testimonial-author-text \">Wilhelm<\/h6>\n\t\t\t\t\t\t\t\t\t\t\t<h6 class=\"mkd-testimonials-job \">Pensionist<\/h6>\n\t\t\t\t\t\n\t\t\t\t<\/div>\n\t\t\t\t\t<\/div>\n\n\t<\/div>\n<\/div>\n<div class=\"mkd-testimonials-holder-inner\">\n\t<div id=\"mkd-testimonials958\" class=\"mkd-testimonial-content testimonials-grid mkd-one-column\">\n\t\t<div class=\"mkd-testimonial-quote-sign \"><span class=\"icon_quotations\"><\/span><\/div>\n\t\t<div class=\"mkd-testimonial-text-inner \">\n\t\t\t<p class=\"mkd-testimonial-text \">Alles O.K. - Super zufrieden und einwandfreier Service, seit 6 Jahren Kunde mit vollster Zufriedenheit<\/p>\n\t\t\t\t\t\t\t<div class=\"mkd-testimonial-author\">\n\t\t\t\t\t\t\t\t\t\t\t<div class=\"mkd-testimonial-image-holder\">\n\t\t\t\t\t\t\t<img width=\"240\" height=\"238\" src=\"https:\/\/hiedl.dropit.fm\/wp-content\/uploads\/2016\/06\/testimonial_silvia.png\" class=\"attachment-958 size-958 wp-post-image\" alt=\"\" loading=\"lazy\" srcset=\"https:\/\/hiedl.dropit.fm\/wp-content\/uploads\/2016\/06\/testimonial_silvia.png 240w, https:\/\/hiedl.dropit.fm\/wp-content\/uploads\/2016\/06\/testimonial_silvia-150x150.png 150w, https:\/\/hiedl.dropit.fm\/wp-content\/uploads\/2016\/06\/testimonial_silvia-100x100.png 100w\" sizes=\"(max-width: 240px) 100vw, 240px\" \/>\t\t\t\t\t\t<\/div>\n\t\t\t\t\t\t\t\t\t\t<h6 class=\"mkd-testimonial-author-text \">Silvia<\/h6>\n\t\t\t\t\t\t\t\t\t\t\t<h6 class=\"mkd-testimonials-job \">Operation Manager<\/h6>\n\t\t\t\t\t\n\t\t\t\t<\/div>\n\t\t\t\t\t<\/div>\n\n\t<\/div>\n<\/div>\n<\/div><\/div>[vc_empty_space height=&#8220;50px&#8220;][\/vc_column_inner][\/vc_row_inner][\/vc_column][\/vc_row]<\/p>\n","protected":false},"excerpt":{"rendered":"<p>[vc_row content_width=&#8220;grid&#8220; css=&#8220;.vc_custom_1603181862883{padding-top: 105px !important;background-color: #ffffff !important;}&#8220;][vc_column][vc_row_inner css=&#8220;.vc_custom_1466596905899{padding-top: 87px !important;padding-bottom: 62px !important;}&#8220;][vc_column_inner css=&#8220;.vc_custom_1466669100731{padding-right: 18% !important;}&#8220; offset=&#8220;vc_col-lg-4 vc_col-md-4&#8243;][vc_empty_space height=&#8220;35px&#8220;][\/vc_column_inner][vc_column_inner css=&#8220;.vc_custom_1466669114072{padding-right: 18% !important;}&#8220; offset=&#8220;vc_col-lg-4 vc_col-md-4&#8243;][vc_empty_space height=&#8220;35px&#8220;][\/vc_column_inner][vc_column_inner css=&#8220;.vc_custom_1466669121754{padding-right: 18% !important;}&#8220; offset=&#8220;vc_col-lg-4 vc_col-md-4&#8243;][vc_empty_space height=&#8220;35px&#8220;][\/vc_column_inner][\/vc_row_inner][\/vc_column][\/vc_row][vc_row content_width=&#8220;grid&#8220; content_aligment=&#8220;right&#8220;][vc_column][vc_empty_space height=&#8220;55px&#8220;][vc_empty_space height=&#8220;55px&#8220;][\/vc_column][vc_column width=&#8220;1\/3&#8243;][\/vc_column][vc_column width=&#8220;1\/3&#8243;][\/vc_column][vc_column width=&#8220;1\/3&#8243;][\/vc_column][\/vc_row][vc_row content_width=&#8220;grid&#8220; css=&#8220;.vc_custom_1469172777537{padding-top: 97px !important;padding-bottom: 65px !important;background-color: #ffffff !important;}&#8220;][vc_column][vc_row_inner][vc_column_inner&#8230;<\/p>\n","protected":false},"author":1,"featured_media":4314,"parent":0,"menu_order":0,"comment_status":"closed","ping_status":"closed","template":"","meta":[],"_links":{"self":[{"href":"https:\/\/hiedl.dropit.fm\/index.php\/wp-json\/wp\/v2\/pages\/4261"}],"collection":[{"href":"https:\/\/hiedl.dropit.fm\/index.php\/wp-json\/wp\/v2\/pages"}],"about":[{"href":"https:\/\/hiedl.dropit.fm\/index.php\/wp-json\/wp\/v2\/types\/page"}],"author":[{"embeddable":true,"href":"https:\/\/hiedl.dropit.fm\/index.php\/wp-json\/wp\/v2\/users\/1"}],"replies":[{"embeddable":true,"href":"https:\/\/hiedl.dropit.fm\/index.php\/wp-json\/wp\/v2\/comments?post=4261"}],"version-history":[{"count":19,"href":"https:\/\/hiedl.dropit.fm\/index.php\/wp-json\/wp\/v2\/pages\/4261\/revisions"}],"predecessor-version":[{"id":4287,"href":"https:\/\/hiedl.dropit.fm\/index.php\/wp-json\/wp\/v2\/pages\/4261\/revisions\/4287"}],"wp:featuredmedia":[{"embeddable":true,"href":"https:\/\/hiedl.dropit.fm\/index.php\/wp-json\/wp\/v2\/media\/4314"}],"wp:attachment":[{"href":"https:\/\/hiedl.dropit.fm\/index.php\/wp-json\/wp\/v2\/media?parent=4261"}],"curies":[{"name":"wp","href":"https:\/\/api.w.org\/{rel}","templated":true}]}}