{"id":4289,"date":"2020-10-29T11:36:46","date_gmt":"2020-10-29T11:36:46","guid":{"rendered":"https:\/\/hiedl.dropit.fm\/?page_id=4289"},"modified":"2020-11-12T14:18:29","modified_gmt":"2020-11-12T14:18:29","slug":"aerzte","status":"publish","type":"page","link":"https:\/\/hiedl.dropit.fm\/index.php\/aerzte\/","title":{"rendered":"\u00c4rzte"},"content":{"rendered":"<p>[vc_row content_width=&#8220;grid&#8220; css=&#8220;.vc_custom_1466603089229{padding-top: 105px !important;padding-bottom: 55px !important;background-color: #ffffff !important;}&#8220;][vc_column]<div class=\"mkd-section-title-holder\">\n\t<h2 class=\"mkd-section-title\" style=\"text-align: center\">\n\t\u00c4rzte in Ihrer Umgebung<\/h2>\n<\/div><div class=\"mkd-section-subtitle-holder mkd-section-subtitle-center\" style=\"width: 80%\">\n\t<p style=\"text-align: center;\" class=\"mkd-section-subtitle\">Gesundheitsvorsorge ist ein wichtiges Thema unserer Zeit. Die fr\u00fchzeitige Erkennung von H\u00f6rminderung bringt verbesserte Behandlungsm\u00f6glichkeiten mit sich. Wir arbeiten in enger Abstimmung mit HNO-Fach\u00e4rzten zusammen.<\/p>\n<\/div>[vc_row_inner css=&#8220;.vc_custom_1466601398447{padding-top: 83px !important;}&#8220;][vc_column_inner offset=&#8220;vc_col-lg-4 vc_col-md-6&#8243;][vc_single_image image=&#8220;4006&#8243; img_size=&#8220;full&#8220;][vc_empty_space height=&#8220;18px&#8220;][vc_column_text]<\/p>\n<h5>zuerst zum HNO &#8211; Facharzt&#8230;<\/h5>\n<p>[\/vc_column_text][vc_empty_space height=&#8220;5px&#8220;][vc_column_text]Sie kommen mit der fach\u00e4rztlichen Verordnung in unser H\u00f6rstudio nach M\u00f6dling.[\/vc_column_text][vc_empty_space height=&#8220;50px&#8220;][\/vc_column_inner][vc_column_inner offset=&#8220;vc_col-lg-4 vc_col-md-6&#8243;][vc_single_image image=&#8220;4007&#8243; img_size=&#8220;full&#8220;][vc_empty_space height=&#8220;18px&#8220;][vc_column_text]<\/p>\n<h5>&#8230;danach ins H\u00f6rstudio Hiedl<\/h5>\n<p>[\/vc_column_text][vc_empty_space height=&#8220;5px&#8220;][vc_column_text]Wir erledigen den Rest f\u00fcr Sie. Wir k\u00fcmmern uns um die direkte Abrechnung mit der Krankenkasse.[\/vc_column_text][vc_empty_space height=&#8220;50px&#8220;][\/vc_column_inner][vc_column_inner offset=&#8220;vc_col-lg-4 vc_col-md-12&#8243;]<div class=\"mkd-accordion-holder clearfix mkd-accordion mkd-initial \">\n\t<h6 class=\"clearfix mkd-title-holder \">\n<span class=\"mkd-accordion-mark mkd-left-mark\">\n\t\t<span class=\"mkd-accordion-mark-icon\">\n\t\t\t<span class=\"icon_plus\"><\/span>\n\t\t\t<span class=\"icon_minus-06\"><\/span>\n\t\t<\/span>\n<\/span>\n<span class=\"mkd-tab-title\">\n\t\t<span class=\"mkd-tab-title-inner\">\n\t\t\t\t\t\t<span class=\"mkd-tab-title-main\">Fach\u00e4rzte M\u00f6dling<\/span>\t\t\t <span class=\"mkd-tab-brackets\">(Auflistung)<\/span>\t\t<\/span>\n<\/span>\n<\/h6>\n<div class=\"mkd-accordion-content\">\n\t<div class=\"mkd-accordion-content-inner\">\n\t\t[vc_column_text]Sie kommen mit der fach\u00e4rztlichen Verordnung in unser H\u00f6rstudio nach M\u00f6dling. Wir erledigen den Rest f\u00fcr Sie. Wir k\u00fcmmern uns um die direkte Abrechnung mit der Krankenkasse.[\/vc_column_text]<a href=\"https:\/\/hiedl.dropit.fm\/wp-content\/uploads\/2020\/10\/Fachaerzte_Moedling.jpg\" target=\"_blank\" style=\"padding: 18px 0px 10px\" class=\"mkd-btn mkd-btn-medium mkd-btn-transparent mkd-btn-icon mkd-btn-icon-left mkd-btn-underline-on-hover mkd-btn-hover-white\"  >\n\t<span class=\"mkd-btn-icon-holder\"><i class=\"mkd-icon-linear-icon lnr lnr-download mkd-btn-icon-elem\" ><\/i><\/span>\t<span class=\"mkd-btn-text\">Zur Auflistung<\/span>\n\t\n\t<\/a>\n\t\t\t<\/div>\n<\/div>\n<h6 class=\"clearfix mkd-title-holder \">\n<span class=\"mkd-accordion-mark mkd-left-mark\">\n\t\t<span class=\"mkd-accordion-mark-icon\">\n\t\t\t<span class=\"icon_plus\"><\/span>\n\t\t\t<span class=\"icon_minus-06\"><\/span>\n\t\t<\/span>\n<\/span>\n<span class=\"mkd-tab-title\">\n\t\t<span class=\"mkd-tab-title-inner\">\n\t\t\t\t\t\t<span class=\"mkd-tab-title-main\">Fach\u00e4rzte Brunn a. Gebirge<\/span>\t\t\t <span class=\"mkd-tab-brackets\">(Auflistung)<\/span>\t\t<\/span>\n<\/span>\n<\/h6>\n<div class=\"mkd-accordion-content\">\n\t<div class=\"mkd-accordion-content-inner\">\n\t\t[vc_column_text]Sie kommen mit der fach\u00e4rztlichen Verordnung in unser H\u00f6rstudio nach M\u00f6dling. Wir erledigen den Rest f\u00fcr Sie. Wir k\u00fcmmern uns um die direkte Abrechnung mit der Krankenkasse.[\/vc_column_text]<a href=\"https:\/\/hiedl.dropit.fm\/wp-content\/uploads\/2020\/10\/Fachaerzte_Brunn.jpg\" target=\"_blank\" style=\"padding: 18px 0px 10px\" class=\"mkd-btn mkd-btn-medium mkd-btn-transparent mkd-btn-icon mkd-btn-icon-left mkd-btn-underline-on-hover mkd-btn-hover-white\"  >\n\t<span class=\"mkd-btn-icon-holder\"><i class=\"mkd-icon-linear-icon lnr lnr-download mkd-btn-icon-elem\" ><\/i><\/span>\t<span class=\"mkd-btn-text\">Zur Auflistung<\/span>\n\t\n\t<\/a>\n\t\t\t<\/div>\n<\/div>\n<h6 class=\"clearfix mkd-title-holder \">\n<span class=\"mkd-accordion-mark mkd-left-mark\">\n\t\t<span class=\"mkd-accordion-mark-icon\">\n\t\t\t<span class=\"icon_plus\"><\/span>\n\t\t\t<span class=\"icon_minus-06\"><\/span>\n\t\t<\/span>\n<\/span>\n<span class=\"mkd-tab-title\">\n\t\t<span class=\"mkd-tab-title-inner\">\n\t\t\t\t\t\t<span class=\"mkd-tab-title-main\">Fach\u00e4rzte Perchtoldsdorf<\/span>\t\t\t <span class=\"mkd-tab-brackets\">(Auflistung)<\/span>\t\t<\/span>\n<\/span>\n<\/h6>\n<div class=\"mkd-accordion-content\">\n\t<div class=\"mkd-accordion-content-inner\">\n\t\t[vc_column_text]Sie kommen mit der fach\u00e4rztlichen Verordnung in unser H\u00f6rstudio nach M\u00f6dling. Wir erledigen den Rest f\u00fcr Sie. Wir k\u00fcmmern uns um die direkte Abrechnung mit der Krankenkasse.[\/vc_column_text]<a href=\"https:\/\/hiedl.dropit.fm\/wp-content\/uploads\/2020\/10\/Fachaerzte_Perchtoldsdorf.jpg\" target=\"_blank\" style=\"padding: 18px 0px 10px\" class=\"mkd-btn mkd-btn-medium mkd-btn-transparent mkd-btn-icon mkd-btn-icon-left mkd-btn-underline-on-hover mkd-btn-hover-white\"  >\n\t<span class=\"mkd-btn-icon-holder\"><i class=\"mkd-icon-linear-icon lnr lnr-download mkd-btn-icon-elem\" ><\/i><\/span>\t<span class=\"mkd-btn-text\">Zur Brochure<\/span>\n\t\n\t<\/a>\n\t\t\t<\/div>\n<\/div>\n<h6 class=\"clearfix mkd-title-holder \">\n<span class=\"mkd-accordion-mark mkd-left-mark\">\n\t\t<span class=\"mkd-accordion-mark-icon\">\n\t\t\t<span class=\"icon_plus\"><\/span>\n\t\t\t<span class=\"icon_minus-06\"><\/span>\n\t\t<\/span>\n<\/span>\n<span class=\"mkd-tab-title\">\n\t\t<span class=\"mkd-tab-title-inner\">\n\t\t\t\t\t\t<span class=\"mkd-tab-title-main\">Fach\u00e4rzte Wien<\/span>\t\t\t <span class=\"mkd-tab-brackets\">(Auflistung)<\/span>\t\t<\/span>\n<\/span>\n<\/h6>\n<div class=\"mkd-accordion-content\">\n\t<div class=\"mkd-accordion-content-inner\">\n\t\t[vc_column_text]Sie kommen mit der fach\u00e4rztlichen Verordnung in unser H\u00f6rstudio nach M\u00f6dling. Wir erledigen den Rest f\u00fcr Sie. Wir k\u00fcmmern uns um die direkte Abrechnung mit der Krankenkasse.[\/vc_column_text]<a href=\"https:\/\/hiedl.dropit.fm\/wp-content\/uploads\/2020\/11\/Fachaerzte_Perchtoldsdorf_new.jpg\" target=\"_blank\" style=\"padding: 18px 0px 10px\" class=\"mkd-btn mkd-btn-medium mkd-btn-transparent mkd-btn-icon mkd-btn-icon-left mkd-btn-underline-on-hover mkd-btn-hover-white\"  >\n\t<span class=\"mkd-btn-icon-holder\"><i class=\"mkd-icon-linear-icon lnr lnr-download mkd-btn-icon-elem\" ><\/i><\/span>\t<span class=\"mkd-btn-text\">Zur Auflistung<\/span>\n\t\n\t<\/a>\n\t\t\t<\/div>\n<\/div>\n<h6 class=\"clearfix mkd-title-holder \">\n<span class=\"mkd-accordion-mark mkd-left-mark\">\n\t\t<span class=\"mkd-accordion-mark-icon\">\n\t\t\t<span class=\"icon_plus\"><\/span>\n\t\t\t<span class=\"icon_minus-06\"><\/span>\n\t\t<\/span>\n<\/span>\n<span class=\"mkd-tab-title\">\n\t\t<span class=\"mkd-tab-title-inner\">\n\t\t\t\t\t\t<span class=\"mkd-tab-title-main\">Fach\u00e4rzte Baden<\/span>\t\t\t <span class=\"mkd-tab-brackets\">(Auflistung)<\/span>\t\t<\/span>\n<\/span>\n<\/h6>\n<div class=\"mkd-accordion-content\">\n\t<div class=\"mkd-accordion-content-inner\">\n\t\t[vc_column_text]Sie kommen mit der fach\u00e4rztlichen Verordnung in unser H\u00f6rstudio nach M\u00f6dling. Wir erledigen den Rest f\u00fcr Sie. Wir k\u00fcmmern uns um die direkte Abrechnung mit der Krankenkasse.[\/vc_column_text]<a href=\"https:\/\/hiedl.dropit.fm\/wp-content\/uploads\/2020\/10\/Fachaerzte_Baden.jpg\" target=\"_blank\" style=\"padding: 18px 0px 10px\" class=\"mkd-btn mkd-btn-medium mkd-btn-transparent mkd-btn-icon mkd-btn-icon-left mkd-btn-underline-on-hover mkd-btn-hover-white\"  >\n\t<span class=\"mkd-btn-icon-holder\"><i class=\"mkd-icon-linear-icon lnr lnr-download mkd-btn-icon-elem\" ><\/i><\/span>\t<span class=\"mkd-btn-text\">Zur Auflistung<\/span>\n\t\n\t<\/a>\n\t\t\t<\/div>\n<\/div>\n<h6 class=\"clearfix mkd-title-holder \">\n<span class=\"mkd-accordion-mark mkd-left-mark\">\n\t\t<span class=\"mkd-accordion-mark-icon\">\n\t\t\t<span class=\"icon_plus\"><\/span>\n\t\t\t<span class=\"icon_minus-06\"><\/span>\n\t\t<\/span>\n<\/span>\n<span class=\"mkd-tab-title\">\n\t\t<span class=\"mkd-tab-title-inner\">\n\t\t\t\t\t\t<span class=\"mkd-tab-title-main\">Fach\u00e4rzte Gumpoldskirchen<\/span>\t\t\t <span class=\"mkd-tab-brackets\">(Auflistung)<\/span>\t\t<\/span>\n<\/span>\n<\/h6>\n<div class=\"mkd-accordion-content\">\n\t<div class=\"mkd-accordion-content-inner\">\n\t\t[vc_column_text]Sie kommen mit der fach\u00e4rztlichen Verordnung in unser H\u00f6rstudio nach M\u00f6dling. Wir erledigen den Rest f\u00fcr Sie. Wir k\u00fcmmern uns um die direkte Abrechnung mit der Krankenkasse.[\/vc_column_text]<a href=\"https:\/\/hiedl.dropit.fm\/wp-content\/uploads\/2020\/10\/Fachaerzte_Gumpoldskirchen.jpg\" target=\"_blank\" style=\"padding: 18px 0px 10px\" class=\"mkd-btn mkd-btn-medium mkd-btn-transparent mkd-btn-icon mkd-btn-icon-left mkd-btn-underline-on-hover mkd-btn-hover-white\"  >\n\t<span class=\"mkd-btn-icon-holder\"><i class=\"mkd-icon-linear-icon lnr lnr-download mkd-btn-icon-elem\" ><\/i><\/span>\t<span class=\"mkd-btn-text\">Zur Auflistung<\/span>\n\t\n\t<\/a>\n\t\t\t<\/div>\n<\/div>\n<\/div>[\/vc_column_inner][\/vc_row_inner][\/vc_column][\/vc_row][vc_row content_width=&#8220;grid&#8220; css=&#8220;.vc_custom_1469172777537{padding-top: 97px !important;padding-bottom: 65px !important;background-color: #ffffff !important;}&#8220;][vc_column][vc_row_inner][vc_column_inner offset=&#8220;vc_col-lg-6 vc_col-md-12&#8243;][vc_empty_space height=&#8220;15px&#8220;]<div class=\"mkd-booking-form mkd-bf-layout-vertical light \" data-depts-doctors=\"{&quot;Akustik Meister&quot;:[&quot;Beate Hiedl&quot;,&quot;Norbert Hiedl&quot;],&quot;EDV Techniker&quot;:[&quot;Marc Hiedl&quot;]}\">\n\n\t\n\t<div class=\"mkd-booking-form-inner \">\n\n\t\t\t\t<div class=\"mkd-bf-motto\"><h4>Wir sind f\u00fcr Sie da.<\/h4><\/div>\n\t\t\n\t\t\t\t<div class=\"mkd-bf-title\"><h2>Termin anfragen<\/h2><\/div>\n\t\t\n\t\t<div class=\"mkd-bf-form-fields mkd-bf-columns-2\">\n\t\t\t<form method=\"POST\">\n\n\t\t\t\t<div class=\"mkd-bf-form-item mkd-bf-narrow\">\n\t\t\t\t\t<select class=\"mkd-bf-select-field mkd-bf-select-department\" name=\"mkd-booking-department\">\n\t\t\t\t\t\t<option value=\"\">Bereich w\u00e4hlen<\/option>\n\t\t\t\t\t\t\t\t\t\t\t\t<option value=\"Akustik Meister\">Akustik Meister<\/option>\n\t\t\t\t\t\t\t\t\t\t\t\t<option value=\"EDV Techniker\">EDV Techniker<\/option>\n\t\t\t\t\t\t\t\t\t\t\t<\/select>\n\t\t\t\t<\/div>\n\n\t\t\t\t<div class=\"mkd-bf-form-item mkd-bf-narrow\">\n\t\t\t\t\t<select class=\"mkd-bf-select-field mkd-bf-select-doctor\" name=\"mkd-booking-doctor\">\n\t\t\t\t\t\t<option value=\"\">Person w\u00e4hlen<\/option>\n\t\t\t\t\t<\/select>\n\t\t\t\t<\/div>\n\n                <div class=\"mkd-bf-form-item mkd-bf-name mkd-bf-narrow\">\n                    <input type=\"text\" class=\"mkd-bf-input-name\" name=\"mkd-booking-name\" placeholder=\"Vor- Nachname\">\n                <\/div>\n\n                <div class=\"mkd-bf-form-item mkd-bf-contact mkd-bf-narrow\">\n                    <input type=\"text\" class=\"mkd-bf-input-contact\" name=\"mkd-booking-contact\" placeholder=\"Telefonnummer\">\n                <\/div>\n\n\t\t\t\t<div class=\"mkd-bf-form-item mkd-date mkd-bf-narrow\">\n\t\t\t\t\t<input type=\"text\" class=\"mkd-bf-input-date\" name=\"mkd-booking-date\" placeholder=\"Datum\">\n\t\t\t\t\t<div class=\"mkd-bf-field-icon-holder\"><\/div>\n\t\t\t\t<\/div>\n\n\t\t\t\t<div class=\"mkd-bf-form-item mkd-time mkd-bf-narrow\">\n\t\t\t\t\t<input type=\"text\" class=\"mkd-bf-input-time\" name=\"mkd-booking-time\" placeholder=\"Zeit\">\n\t\t\t\t\t<div class=\"mkd-bf-field-icon-holder\"><\/div>\n\t\t\t\t<\/div>\n\n\t\t\t\t\t\t\t\t<div class=\"mkd-bf-form-item mkd-bf-wide\">\n\t\t\t\t\t<textarea class=\"mkd-bf-input-request\" name=\"mkd-booking-request\" placeholder=\"Ihr Anliegen...\"><\/textarea>\n\t\t\t\t<\/div>\n\t\t\t\t\n\t\t\t\t<span class=\"nonce\"><input type=\"hidden\" id=\"mkd_nonce_booking_form_329050962\" name=\"mkd_nonce_booking_form_329050962\" value=\"b471cb6dfa\" \/><input type=\"hidden\" name=\"_wp_http_referer\" value=\"\/index.php\/wp-json\/wp\/v2\/pages\/4289\" \/><\/span>\n\t\t\t\t<script type=\"application\/javascript\">if (typeof MikadoAjaxUrl === \"undefined\") {var MikadoAjaxUrl = \"https:\/\/hiedl.dropit.fm\/wp-admin\/admin-ajax.php\"; }<\/script>\n\t\t\t\t\t\t\t\t<div class=\"mkd-bf-form-response-holder\"><\/div>\n\t\t\t\t\n\t\t\t\t<div class=\"mkd-bf-form-button\">\n\t\t\t\t\t<input type=\"submit\" name=\"mkd-booking-submit\" value=\"Termin erfragen\"  class=\"mkd-btn mkd-btn-small mkd-btn-solid mkd-btn-hover-outline\"  data-sending-label=\"Sending...\" \/>\t\t\t\t<\/div>\n\n\t\t\t\t\n\t\t\t<\/form>\n\t\t<\/div>\n\n\t<\/div>\n<\/div>[vc_empty_space height=&#8220;50px&#8220;][\/vc_column_inner][vc_column_inner offset=&#8220;vc_col-lg-6 vc_col-md-12&#8243;][vc_column_text]<\/p>\n<h3>Kunden Feedback<\/h3>\n<p>[\/vc_column_text][vc_empty_space height=&#8220;5px&#8220;]<div class=\"mkd-testimonials-holder clearfix dark\"><div class=\"mkd-testimonials testimonials-grid\"><div class=\"mkd-testimonials-holder-inner\">\n\t<div id=\"mkd-testimonials961\" class=\"mkd-testimonial-content testimonials-grid mkd-one-column\">\n\t\t<div class=\"mkd-testimonial-quote-sign \"><span class=\"icon_quotations\"><\/span><\/div>\n\t\t<div class=\"mkd-testimonial-text-inner \">\n\t\t\t<p class=\"mkd-testimonial-text \">Sehr gute Betreuung. Schnelle Terminvereinbarung, und  immer mit Hilfestellungen<\/p>\n\t\t\t\t\t\t\t<div class=\"mkd-testimonial-author\">\n\t\t\t\t\t\t\t\t\t\t\t<div class=\"mkd-testimonial-image-holder\">\n\t\t\t\t\t\t\t<img width=\"240\" height=\"238\" src=\"https:\/\/hiedl.dropit.fm\/wp-content\/uploads\/2016\/06\/testimonial_wilhelm.png\" class=\"attachment-961 size-961 wp-post-image\" alt=\"\" loading=\"lazy\" srcset=\"https:\/\/hiedl.dropit.fm\/wp-content\/uploads\/2016\/06\/testimonial_wilhelm.png 240w, https:\/\/hiedl.dropit.fm\/wp-content\/uploads\/2016\/06\/testimonial_wilhelm-150x150.png 150w, https:\/\/hiedl.dropit.fm\/wp-content\/uploads\/2016\/06\/testimonial_wilhelm-100x100.png 100w\" sizes=\"(max-width: 240px) 100vw, 240px\" \/>\t\t\t\t\t\t<\/div>\n\t\t\t\t\t\t\t\t\t\t<h6 class=\"mkd-testimonial-author-text \">Wilhelm<\/h6>\n\t\t\t\t\t\t\t\t\t\t\t<h6 class=\"mkd-testimonials-job \">Pensionist<\/h6>\n\t\t\t\t\t\n\t\t\t\t<\/div>\n\t\t\t\t\t<\/div>\n\n\t<\/div>\n<\/div>\n<div class=\"mkd-testimonials-holder-inner\">\n\t<div id=\"mkd-testimonials958\" class=\"mkd-testimonial-content testimonials-grid mkd-one-column\">\n\t\t<div class=\"mkd-testimonial-quote-sign \"><span class=\"icon_quotations\"><\/span><\/div>\n\t\t<div class=\"mkd-testimonial-text-inner \">\n\t\t\t<p class=\"mkd-testimonial-text \">Alles O.K. - Super zufrieden und einwandfreier Service, seit 6 Jahren Kunde mit vollster Zufriedenheit<\/p>\n\t\t\t\t\t\t\t<div class=\"mkd-testimonial-author\">\n\t\t\t\t\t\t\t\t\t\t\t<div class=\"mkd-testimonial-image-holder\">\n\t\t\t\t\t\t\t<img width=\"240\" height=\"238\" src=\"https:\/\/hiedl.dropit.fm\/wp-content\/uploads\/2016\/06\/testimonial_silvia.png\" class=\"attachment-958 size-958 wp-post-image\" alt=\"\" loading=\"lazy\" srcset=\"https:\/\/hiedl.dropit.fm\/wp-content\/uploads\/2016\/06\/testimonial_silvia.png 240w, https:\/\/hiedl.dropit.fm\/wp-content\/uploads\/2016\/06\/testimonial_silvia-150x150.png 150w, https:\/\/hiedl.dropit.fm\/wp-content\/uploads\/2016\/06\/testimonial_silvia-100x100.png 100w\" sizes=\"(max-width: 240px) 100vw, 240px\" \/>\t\t\t\t\t\t<\/div>\n\t\t\t\t\t\t\t\t\t\t<h6 class=\"mkd-testimonial-author-text \">Silvia<\/h6>\n\t\t\t\t\t\t\t\t\t\t\t<h6 class=\"mkd-testimonials-job \">Operation Manager<\/h6>\n\t\t\t\t\t\n\t\t\t\t<\/div>\n\t\t\t\t\t<\/div>\n\n\t<\/div>\n<\/div>\n<\/div><\/div>[vc_empty_space height=&#8220;50px&#8220;][\/vc_column_inner][\/vc_row_inner][\/vc_column][\/vc_row]<\/p>\n","protected":false},"excerpt":{"rendered":"<p>[vc_row content_width=&#8220;grid&#8220; css=&#8220;.vc_custom_1466603089229{padding-top: 105px !important;padding-bottom: 55px !important;background-color: #ffffff !important;}&#8220;][vc_column][vc_row_inner css=&#8220;.vc_custom_1466601398447{padding-top: 83px !important;}&#8220;][vc_column_inner offset=&#8220;vc_col-lg-4 vc_col-md-6&#8243;][vc_single_image image=&#8220;4006&#8243; img_size=&#8220;full&#8220;][vc_empty_space height=&#8220;18px&#8220;][vc_column_text] zuerst zum HNO &#8211; Facharzt&#8230; [\/vc_column_text][vc_empty_space height=&#8220;5px&#8220;][vc_column_text]Sie kommen mit der fach\u00e4rztlichen Verordnung in unser H\u00f6rstudio nach M\u00f6dling.[\/vc_column_text][vc_empty_space height=&#8220;50px&#8220;][\/vc_column_inner][vc_column_inner offset=&#8220;vc_col-lg-4 vc_col-md-6&#8243;][vc_single_image image=&#8220;4007&#8243; img_size=&#8220;full&#8220;][vc_empty_space height=&#8220;18px&#8220;][vc_column_text] &#8230;danach ins H\u00f6rstudio Hiedl [\/vc_column_text][vc_empty_space&#8230;<\/p>\n","protected":false},"author":1,"featured_media":4006,"parent":0,"menu_order":0,"comment_status":"closed","ping_status":"closed","template":"","meta":[],"_links":{"self":[{"href":"https:\/\/hiedl.dropit.fm\/index.php\/wp-json\/wp\/v2\/pages\/4289"}],"collection":[{"href":"https:\/\/hiedl.dropit.fm\/index.php\/wp-json\/wp\/v2\/pages"}],"about":[{"href":"https:\/\/hiedl.dropit.fm\/index.php\/wp-json\/wp\/v2\/types\/page"}],"author":[{"embeddable":true,"href":"https:\/\/hiedl.dropit.fm\/index.php\/wp-json\/wp\/v2\/users\/1"}],"replies":[{"embeddable":true,"href":"https:\/\/hiedl.dropit.fm\/index.php\/wp-json\/wp\/v2\/comments?post=4289"}],"version-history":[{"count":3,"href":"https:\/\/hiedl.dropit.fm\/index.php\/wp-json\/wp\/v2\/pages\/4289\/revisions"}],"predecessor-version":[{"id":4395,"href":"https:\/\/hiedl.dropit.fm\/index.php\/wp-json\/wp\/v2\/pages\/4289\/revisions\/4395"}],"wp:featuredmedia":[{"embeddable":true,"href":"https:\/\/hiedl.dropit.fm\/index.php\/wp-json\/wp\/v2\/media\/4006"}],"wp:attachment":[{"href":"https:\/\/hiedl.dropit.fm\/index.php\/wp-json\/wp\/v2\/media?parent=4289"}],"curies":[{"name":"wp","href":"https:\/\/api.w.org\/{rel}","templated":true}]}}